{"id":3478,"date":"2022-03-29T12:39:37","date_gmt":"2022-03-29T12:39:37","guid":{"rendered":"https:\/\/www.hotelfitzgerald.com\/ochrana-osobnich-udaju\/"},"modified":"2022-06-08T21:35:14","modified_gmt":"2022-06-08T21:35:14","slug":"ochrana-osobnich-udaju","status":"publish","type":"page","link":"https:\/\/www.hotelfitzgerald.com\/de\/ochrana-osobnich-udaju\/","title":{"rendered":"INFORMATIONEN ZUR VERARBEITUNG UND ZUM SCHUTZ PERSONENBEZOGENER DATEN"},"content":{"rendered":"<h3 class=\"p1\"><\/h3>\n<p>Mit Wirkung vom 25. Mai 2018 gilt die Verordnung (EU) 2016\/679 des Europ\u00e4ischen Parlaments und des Rates vom 27. April 2016 zum Schutz nat\u00fcrlicher Personen bei der Verarbeitung personenbezogener Daten und zum freien Datenverkehr die Verarbeitung personenbezogener Daten der Kunden von The Fitzgerald und zur Aufhebung der Richtlinie 95\/46\/EG (Datenschutz-Grundverordnung), der sogenannten DSGVO. In diesem Zusammenhang stellen wir Ihnen die folgenden Informationen zur Verarbeitung und zum Schutz personenbezogener Daten zur Verf\u00fcgung.<\/p>\n<h4 class=\"p1\"><em><strong><span class=\"s1\">\u00a0<\/span><\/strong><\/em><\/h4>\n<p><strong><span style=\"color: #d4974f;\">Verantwortlicher f\u00fcr personenbezogene Daten<\/span><\/strong><\/p>\n<p>Der Verwalter der personenbezogenen Daten der Kunden des The Fitzgerald Hotels, V\u00edtkova 151\/26, 186 00 Prag 8 (im Folgenden als Hotel bezeichnet) ist Mankato Prague Operations, s.r.o., I\u010c: 09743316, mit Sitz in V\u00edtkova 151\/26 , 186 00 Prag 8 &#8211; Karl\u00edn, eingetragen im Handelsregister des Stadtgerichts in Prag, Abschnitt C, Einlage 341593 (im Folgenden Verwalter genannt), der Betreiber des Hotels ist.<\/p>\n<h4 class=\"p1\"><strong><span class=\"s1\">\u00a0<\/span><\/strong><\/h4>\n<p><strong><span style=\"color: #d4974f;\">Welche personenbezogenen Daten verarbeiten wir?<\/span><\/strong><\/p>\n<p>Zu den personenbezogenen Daten, die wir \u00fcber die Kunden des Hotels verarbeiten und deren Umfang sich nach Art und Umfang der erbrachten Dienstleistungen unterscheidet, geh\u00f6ren:<\/p>\n<ul>\n<li>Vor- und Nachname, Titel<\/li>\n<li>Geburtsdatum<\/li>\n<li>Staatsb\u00fcrgerschaft<\/li>\n<li>Wohnadresse<\/li>\n<li>Nummer des Reisedokuments<\/li>\n<li>die Nummer des Visums, falls im Reisedokument angegeben<\/li>\n<li>Aufenthaltsdauer<\/li>\n<li>Zweck des Aufenthalts in der Tschechischen Republik<\/li>\n<li>E-Mail<\/li>\n<li>Telefonnummer<\/li>\n<li>Typ, Nummer und Ablaufdatum der Zahlungskarte<\/li>\n<li>Kennzeichen des Kraftfahrzeugs<\/li>\n<li>Aufnahme vom Kamerasystem<\/li>\n<li>andere Daten, falls erforderlich im Zusammenhang mit der Erbringung von Dienstleistungen durch den Administrator.<\/li>\n<\/ul>\n<p class=\"p2\">Personenbezogene Daten erhalten wir direkt von Kunden bei Abschluss eines Vertrages \u00fcber die Buchung einer Unterkunft bzw. Beherbergungsvertr\u00e4ge und weitere Daten w\u00e4hrend des Vertragsverh\u00e4ltnisses. Die Bereitstellung personenbezogener Daten ist freiwillig. Entscheidet sich der Kunde, uns keine personenbezogenen Daten zur Verf\u00fcgung zu stellen, kann kein Vertrag \u00fcber die Buchung einer Unterkunft bzw. Beherbergungsvertrag abgeschlossen werden.<\/p>\n<p>Es gibt keine automatisierte Entscheidungsfindung f\u00fcr die Verarbeitung personenbezogener Daten der Kunden des Hotels.<\/p>\n<p class=\"p2\">Um die f\u00fcr uns \u00e4u\u00dferst wichtige Sicherheit und Vertraulichkeit personenbezogener Daten zu gew\u00e4hrleisten, treffen wir technische und organisatorische Ma\u00dfnahmen, insbesondere zum Schutz vor unbefugtem Zugriff und Missbrauch personenbezogener Daten, einschlie\u00dflich der Gew\u00e4hrleistung einer ausreichenden Sicherheit von IT-Systemen. Alle Ma\u00dfnahmen werden regelm\u00e4\u00dfig evaluiert und aktualisiert.<\/p>\n<p>&nbsp;<\/p>\n<p><strong>\u00a0<\/strong><\/p>\n<p><strong><span style=\"color: #d4974f;\">Zweck der Verarbeitung und Rechtsgrundlage f\u00fcr die Verarbeitung personenbezogener Daten<\/span><\/strong><\/p>\n<p>&nbsp;<\/p>\n<p><strong><span style=\"color: #d4974f;\">Wir verarbeiten personenbezogene Daten von Hotelkunden zu folgenden Zwecken:<\/span><\/strong><\/p>\n<ul>\n<li class=\"p2\">Erbringung von Dienstleistungen auf der Grundlage eines abgeschlossenen Vertrages \u00fcber die Reservierung einer Unterkunft, resp. Vertr\u00e4ge \u00fcber die Beherbergung im Hotel, also insbesondere zum Zwecke des Vertragsabschlusses, der Abwicklung des Vertragsverh\u00e4ltnisses und der Kommunikation mit dem Kunden.<br \/>\nDie Rechtsgrundlage, die uns in diesem Fall die Verarbeitung personenbezogener Daten von Kunden erlaubt, ist dadurch gegeben, dass die Verarbeitung personenbezogener Daten f\u00fcr den Abschluss oder die Erf\u00fcllung eines Vertrages mit Kunden erforderlich ist.<\/li>\n<li class=\"p2\">Erf\u00fcllung gesetzlicher Pflichten, dh insbesondere zum Zwecke der F\u00fchrung des Hausbuches und der Meldung der Unterbringung von Ausl\u00e4ndern im Sinne der Rechtsvorschriften \u00fcber den Aufenthalt von Ausl\u00e4ndern auf dem Gebiet der Tschechischen Republik. Die Rechtsgrundlage, die uns in diesem Fall die Verarbeitung personenbezogener Daten erlaubt, ergibt sich aus der Tatsache, dass die Verarbeitung personenbezogener Daten von Kunden erforderlich ist, um die rechtliche Verpflichtung zu erf\u00fcllen, die f\u00fcr uns als Verantwortlicher f\u00fcr personenbezogene Daten gilt.<\/li>\n<li class=\"p2\">Schutz der berechtigten Interessen des Administrators und des Hotels, dh insbesondere zum Zweck der Beurteilung, Geltendmachung und Durchsetzung von Rechtsanspr\u00fcchen, Schutz der Rechte, des Eigentums oder der Sicherheit des Administrators, des Hotels, ihrer anderen Kunden oder anderer Personen. Die Rechtsgrundlage, die uns in diesem Fall die Verarbeitung personenbezogener Daten erm\u00f6glicht, ergibt sich aus der Tatsache, dass die Verarbeitung personenbezogener Daten zum Schutz der berechtigten Interessen des Administrators als Verantwortlicher personenbezogener Daten erforderlich ist.<\/li>\n<li class=\"p2\">Marketing und Versenden von Marketingmitteilungen und Gesch\u00e4ftsangeboten oder Frageb\u00f6gen zur Verbesserung der Dienstleistungen &#8211; wenn der Kunde dem Direktmarketing zugestimmt hat. Die Rechtsgrundlage, die uns die Verarbeitung personenbezogener Daten in diesem Fall erlaubt, ist dadurch gegeben, dass der Auftraggeber uns jederzeit eine widerrufliche Einwilligung zur Verarbeitung personenbezogener Daten zu diesem Zweck erteilt hat.<\/li>\n<\/ul>\n<h4 class=\"p1\"><em><strong><span class=\"s1\">\u00a0<\/span><\/strong><\/em><\/h4>\n<p><strong><span style=\"color: #d4974f;\">Empf\u00e4nger, denen wir personenbezogene Daten von Kunden zur Verf\u00fcgung stellen k\u00f6nnen:<\/span><\/strong><\/p>\n<p>Um den ordnungsgem\u00e4\u00dfen Betrieb des Hotels zu gew\u00e4hrleisten, nutzen wir bei der Erbringung von Dienstleistungen und der Erf\u00fcllung unserer vertraglichen Verpflichtungen professionelle und spezialisierte Dienstleistungen anderer Unternehmen, wie z den Betrieb des Hotels sicherzustellen. Wenn diese Unternehmen die ihnen vom Administrator zur Verf\u00fcgung gestellten personenbezogenen Daten der Kunden des Hotels verarbeiten, haben sie den Status von Verarbeitern personenbezogener Daten und verarbeiten sie nur gem\u00e4\u00df den Anweisungen des Administrators und k\u00f6nnen sie nicht anderweitig verwenden. Jedes dieser Unternehmen hat strenge Verpflichtungen zum Schutz und zur Sicherung personenbezogener Daten.<\/p>\n<h4 class=\"p1\"><em><strong><span class=\"s1\">\u00a0<\/span><\/strong><\/em><\/h4>\n<p><strong><span style=\"color: #d4974f;\">Der Zeitraum, f\u00fcr den wir personenbezogene Daten verarbeiten<\/span><\/strong><\/p>\n<p>Wir speichern personenbezogene Daten von Kunden nur f\u00fcr den Zeitraum, f\u00fcr den einer der oben genannten Verarbeitungszwecke andauert, dh insbesondere f\u00fcr die Dauer des Vertrags und f\u00fcr den Zeitraum des Bestehens der Zustimmung des Kunden zur Verarbeitung personenbezogener Daten. Bei Beendigung des Vertrages oder Widerruf der Einwilligung des Auftraggebers speichern wir personenbezogene Daten nur f\u00fcr die Dauer und unter den gesetzlich vorgeschriebenen Voraussetzungen gem\u00e4\u00df den allgemeinen Verj\u00e4hrungs-, Archivierungs- und Entsorgungsfristen.<\/p>\n<h4 class=\"p1\"><em><strong><span class=\"s1\">\u00a0<\/span><\/strong><\/em><\/h4>\n<p><strong><span style=\"color: #d4974f;\">Kundenrechte im Zusammenhang mit der Verarbeitung personenbezogener Daten<\/span><\/strong><\/p>\n<p>Im Zusammenhang mit der Verarbeitung personenbezogener Daten hat der Kunde:<\/p>\n<ul>\n<li class=\"p2\"><strong>das Recht auf<\/strong> <strong>kurze, klare, transparente und verst\u00e4ndliche Informationen<\/strong> dar\u00fcber, wie seine personenbezogenen Daten verarbeitet werden, und seine Rechte im Zusammenhang mit der Verarbeitung personenbezogener Daten;<\/li>\n<li class=\"p2\"><strong>das Recht auf Zugang zu personenbezogenen Daten<\/strong>, einschlie\u00dflich des Rechts, eine Best\u00e4tigung dar\u00fcber zu erhalten, ob seine personenbezogenen Daten verarbeitet werden oder nicht, und das Recht, Informationen dar\u00fcber anzufordern, welche personenbezogenen Daten verarbeitet werden;<\/li>\n<li class=\"p2\"><strong>das Recht auf Berichtigung <\/strong>unrichtiger und unvollst\u00e4ndiger personenbezogener Daten<\/li>\n<li class=\"p2\"><strong>das Recht auf L\u00f6schung personenbezogener Daten<\/strong> (das sogenannte \u201eRecht auf Vergessenwerden\u201c), wenn:<\/li>\n<\/ul>\n<p class=\"p2\"><span class=\"s1\">\u2013 Personenbezogene Daten werden f\u00fcr die Zwecke, f\u00fcr die sie erhoben oder verarbeitet wurden, nicht mehr ben\u00f6tigt;<br \/>\n\u2013 <\/span>der Kunde seine Einwilligung zur Verarbeitung personenbezogener Daten widerrufen hat;<br \/>\n<span class=\"s1\">\u2013 der Kunde hat der Verarbeitung personenbezogener Daten widersprochen und das berechtigte Interesse des Administrators an der weiteren Verarbeitung seiner personenbezogenen Daten \u00fcberwiegt im gegebenen Fall nicht oder Sie haben der Verarbeitung seiner personenbezogenen Daten f\u00fcr Direktmarketing widersprochen Zwecke;<br \/>\n\u2013 P<\/span>ersonenbezogene Daten unrechtm\u00e4\u00dfig verarbeitet wurden oder personenbezogene Daten gem\u00e4\u00df geltendem Recht gel\u00f6scht werden m\u00fcssen;<\/p>\n<ul>\n<li class=\"p2\">das Recht auf Einschr\u00e4nkung der Verarbeitung personenbezogener Daten, wenn:<\/li>\n<\/ul>\n<p class=\"p2\"><span class=\"s1\">\u2013 bestreitet die Richtigkeit personenbezogener Daten, bis ihre Richtigkeit \u00fcberpr\u00fcft wurde;<br \/>\n\u2013 <\/span>die Verarbeitung personenbezogener Daten rechtswidrig ist und der Kunde anstelle der L\u00f6schung personenbezogener Daten nur eine Einschr\u00e4nkung ihrer Nutzung verlangt;<br \/>\n<span class=\"s1\">\u2013 Der Administrator ben\u00f6tigt die personenbezogenen Daten des Kunden nicht mehr, aber der Kunde ben\u00f6tigt sie, um seine gesetzlichen Rechte auszu\u00fcben;<br \/>\n<\/span><span class=\"s1\">\u2013 Der Kunde hat der Verarbeitung personenbezogener Daten widersprochen, bis \u00fcberpr\u00fcft wurde, ob die berechtigten Interessen des Administrators die Interessen des Kunden \u00fcberwiegen.<\/span><\/p>\n<ul>\n<li class=\"p2\"><strong>das Recht auf Daten\u00fcbertragbarkeit, einschlie\u00dflich des Rechts des Kunden<\/strong>, seine personenbezogenen Daten zu erhalten, und des Rechts des Kunden, \u00fcber deren \u00dcbertragung an einen anderen Dienstleister zu entscheiden (an einen anderen Verantwortlichen f\u00fcr personenbezogene Daten)<\/li>\n<li class=\"p2\"><strong>das Recht, der Verarbeitung personenbezogener Daten zu widersprechen<\/strong>, wenn sie zum Schutz der berechtigten Interessen des Administrators oder zu Zwecken des Direktmarketings verarbeitet werden<\/li>\n<li class=\"p2\"><strong>das Recht, eine Beschwerde bei der Aufsichtsbeh\u00f6rde<\/strong>, dem Amt f\u00fcr den Schutz personenbezogener Daten, Oberstleutnant, einzureichen. Sochora 27, 170 00 Prag 7; \u00a0<a href=\"http:\/\/www.uoou.cz\/\"><span class=\"s3\">www.uoou.cz<\/span><\/a><\/li>\n<\/ul>\n<p class=\"p2\"><span class=\"s1\">Bei Fragen oder Kommentaren zur Verarbeitung personenbezogener Daten oder wenn der Kunde seine unter Punkt VI. genannten Rechte aus\u00fcben m\u00f6chte, kann er dies schriftlich an die Adresse des Administrators, dh Mankato Prague Operations, s.r.o., I\u010c: 09743316, mit mit Sitz in V\u00edtkova 151\/26, 186 00 Prag 8 &#8211; Karl\u00edn, oder elektronisch unter der E-Mail-Adresse: <a href=\"mailto:info@hotelfitzgerald.com.\"><span class=\"s4\">info@hotelfitzgerald.com.<\/span><\/a><\/span><\/p>\n","protected":false},"excerpt":{"rendered":"<p>Mit Wirkung vom 25. Mai 2018 gilt die Verordnung (EU) 2016\/679 des Europ\u00e4ischen Parlaments und des Rates vom 27. April 2016 zum Schutz nat\u00fcrlicher Personen bei der Verarbeitung personenbezogener Daten und zum freien Datenverkehr die Verarbeitung personenbezogener Daten der Kunden von The Fitzgerald und zur Aufhebung der Richtlinie 95\/46\/EG (Datenschutz-Grundverordnung), der sogenannten DSGVO. In diesem [&hellip;]<\/p>\n","protected":false},"author":3,"featured_media":0,"parent":0,"menu_order":0,"comment_status":"closed","ping_status":"open","template":"","meta":{"footnotes":""},"class_list":["post-3478","page","type-page","status-publish","hentry"],"yoast_head":"<!-- This site is optimized with the Yoast SEO plugin v27.4 - https:\/\/yoast.com\/product\/yoast-seo-wordpress\/ -->\n<title>INFORMATIONEN ZUR VERARBEITUNG UND ZUM SCHUTZ PERSONENBEZOGENER DATEN - Hotel Fitzgerald Praha, Karl\u00edn<\/title>\n<meta name=\"robots\" content=\"index, follow, max-snippet:-1, max-image-preview:large, max-video-preview:-1\" \/>\n<link rel=\"canonical\" href=\"https:\/\/www.hotelfitzgerald.com\/de\/ochrana-osobnich-udaju\/\" \/>\n<meta property=\"og:locale\" content=\"de_DE\" \/>\n<meta property=\"og:type\" content=\"article\" \/>\n<meta property=\"og:title\" content=\"INFORMATIONEN ZUR VERARBEITUNG UND ZUM SCHUTZ PERSONENBEZOGENER DATEN - Hotel Fitzgerald Praha, Karl\u00edn\" \/>\n<meta property=\"og:description\" content=\"Mit Wirkung vom 25. Mai 2018 gilt die Verordnung (EU) 2016\/679 des Europ\u00e4ischen Parlaments und des Rates vom 27. April 2016 zum Schutz nat\u00fcrlicher Personen bei der Verarbeitung personenbezogener Daten und zum freien Datenverkehr die Verarbeitung personenbezogener Daten der Kunden von The Fitzgerald und zur Aufhebung der Richtlinie 95\/46\/EG (Datenschutz-Grundverordnung), der sogenannten DSGVO. In diesem [&hellip;]\" \/>\n<meta property=\"og:url\" content=\"https:\/\/www.hotelfitzgerald.com\/de\/ochrana-osobnich-udaju\/\" \/>\n<meta property=\"og:site_name\" content=\"Hotel Fitzgerald Praha, Karl\u00edn\" \/>\n<meta property=\"article:publisher\" content=\"https:\/\/www.facebook.com\/Friends-of-the-Fitzgerald-Prague-109110994869894\" \/>\n<meta property=\"article:modified_time\" content=\"2022-06-08T21:35:14+00:00\" \/>\n<meta property=\"og:image\" content=\"https:\/\/www.hotelfitzgerald.com\/wp-content\/uploads\/2022\/05\/1_FITZGERALD-EXTERIOR-1.png\" \/>\n\t<meta property=\"og:image:width\" content=\"1280\" \/>\n\t<meta property=\"og:image:height\" content=\"624\" \/>\n\t<meta property=\"og:image:type\" content=\"image\/png\" \/>\n<meta name=\"twitter:card\" content=\"summary_large_image\" \/>\n<meta name=\"twitter:label1\" content=\"Gesch\u00e4tzte Lesezeit\" \/>\n\t<meta name=\"twitter:data1\" content=\"7\u00a0Minuten\" \/>\n<script type=\"application\/ld+json\" class=\"yoast-schema-graph\">{\"@context\":\"https:\\\/\\\/schema.org\",\"@graph\":[{\"@type\":\"WebPage\",\"@id\":\"https:\\\/\\\/www.hotelfitzgerald.com\\\/de\\\/ochrana-osobnich-udaju\\\/\",\"url\":\"https:\\\/\\\/www.hotelfitzgerald.com\\\/de\\\/ochrana-osobnich-udaju\\\/\",\"name\":\"INFORMATIONEN ZUR VERARBEITUNG UND ZUM SCHUTZ PERSONENBEZOGENER DATEN - Hotel Fitzgerald Praha, Karl\u00edn\",\"isPartOf\":{\"@id\":\"https:\\\/\\\/www.hotelfitzgerald.com\\\/#website\"},\"datePublished\":\"2022-03-29T12:39:37+00:00\",\"dateModified\":\"2022-06-08T21:35:14+00:00\",\"breadcrumb\":{\"@id\":\"https:\\\/\\\/www.hotelfitzgerald.com\\\/de\\\/ochrana-osobnich-udaju\\\/#breadcrumb\"},\"inLanguage\":\"de\",\"potentialAction\":[{\"@type\":\"ReadAction\",\"target\":[\"https:\\\/\\\/www.hotelfitzgerald.com\\\/de\\\/ochrana-osobnich-udaju\\\/\"]}]},{\"@type\":\"BreadcrumbList\",\"@id\":\"https:\\\/\\\/www.hotelfitzgerald.com\\\/de\\\/ochrana-osobnich-udaju\\\/#breadcrumb\",\"itemListElement\":[{\"@type\":\"ListItem\",\"position\":1,\"name\":\"Dom\u016f\",\"item\":\"https:\\\/\\\/www.hotelfitzgerald.com\\\/de\\\/\"},{\"@type\":\"ListItem\",\"position\":2,\"name\":\"INFORMATIONEN ZUR VERARBEITUNG UND ZUM SCHUTZ PERSONENBEZOGENER DATEN\"}]},{\"@type\":\"WebSite\",\"@id\":\"https:\\\/\\\/www.hotelfitzgerald.com\\\/#website\",\"url\":\"https:\\\/\\\/www.hotelfitzgerald.com\\\/\",\"name\":\"Hotel Fitzgerald Praha, Karl\u00edn\",\"description\":\"Hotel Fitzgerald Praha, Karl\u00edn\",\"publisher\":{\"@id\":\"https:\\\/\\\/www.hotelfitzgerald.com\\\/#organization\"},\"potentialAction\":[{\"@type\":\"SearchAction\",\"target\":{\"@type\":\"EntryPoint\",\"urlTemplate\":\"https:\\\/\\\/www.hotelfitzgerald.com\\\/?s={search_term_string}\"},\"query-input\":{\"@type\":\"PropertyValueSpecification\",\"valueRequired\":true,\"valueName\":\"search_term_string\"}}],\"inLanguage\":\"de\"},{\"@type\":\"Organization\",\"@id\":\"https:\\\/\\\/www.hotelfitzgerald.com\\\/#organization\",\"name\":\"Hotel Fitzgerald\",\"url\":\"https:\\\/\\\/www.hotelfitzgerald.com\\\/\",\"logo\":{\"@type\":\"ImageObject\",\"inLanguage\":\"de\",\"@id\":\"https:\\\/\\\/www.hotelfitzgerald.com\\\/#\\\/schema\\\/logo\\\/image\\\/\",\"url\":\"https:\\\/\\\/www.hotelfitzgerald.com\\\/wp-content\\\/uploads\\\/2022\\\/01\\\/logo-1.png\",\"contentUrl\":\"https:\\\/\\\/www.hotelfitzgerald.com\\\/wp-content\\\/uploads\\\/2022\\\/01\\\/logo-1.png\",\"width\":234,\"height\":83,\"caption\":\"Hotel Fitzgerald\"},\"image\":{\"@id\":\"https:\\\/\\\/www.hotelfitzgerald.com\\\/#\\\/schema\\\/logo\\\/image\\\/\"},\"sameAs\":[\"https:\\\/\\\/www.facebook.com\\\/Friends-of-the-Fitzgerald-Prague-109110994869894\",\"https:\\\/\\\/www.instagram.com\\\/the_hotel_fitzgerald\\\/\"]}]}<\/script>\n<!-- \/ Yoast SEO plugin. -->","yoast_head_json":{"title":"INFORMATIONEN ZUR VERARBEITUNG UND ZUM SCHUTZ PERSONENBEZOGENER DATEN - Hotel Fitzgerald Praha, Karl\u00edn","robots":{"index":"index","follow":"follow","max-snippet":"max-snippet:-1","max-image-preview":"max-image-preview:large","max-video-preview":"max-video-preview:-1"},"canonical":"https:\/\/www.hotelfitzgerald.com\/de\/ochrana-osobnich-udaju\/","og_locale":"de_DE","og_type":"article","og_title":"INFORMATIONEN ZUR VERARBEITUNG UND ZUM SCHUTZ PERSONENBEZOGENER DATEN - Hotel Fitzgerald Praha, Karl\u00edn","og_description":"Mit Wirkung vom 25. Mai 2018 gilt die Verordnung (EU) 2016\/679 des Europ\u00e4ischen Parlaments und des Rates vom 27. April 2016 zum Schutz nat\u00fcrlicher Personen bei der Verarbeitung personenbezogener Daten und zum freien Datenverkehr die Verarbeitung personenbezogener Daten der Kunden von The Fitzgerald und zur Aufhebung der Richtlinie 95\/46\/EG (Datenschutz-Grundverordnung), der sogenannten DSGVO. In diesem [&hellip;]","og_url":"https:\/\/www.hotelfitzgerald.com\/de\/ochrana-osobnich-udaju\/","og_site_name":"Hotel Fitzgerald Praha, Karl\u00edn","article_publisher":"https:\/\/www.facebook.com\/Friends-of-the-Fitzgerald-Prague-109110994869894","article_modified_time":"2022-06-08T21:35:14+00:00","og_image":[{"width":1280,"height":624,"url":"https:\/\/www.hotelfitzgerald.com\/wp-content\/uploads\/2022\/05\/1_FITZGERALD-EXTERIOR-1.png","type":"image\/png"}],"twitter_card":"summary_large_image","twitter_misc":{"Gesch\u00e4tzte Lesezeit":"7\u00a0Minuten"},"schema":{"@context":"https:\/\/schema.org","@graph":[{"@type":"WebPage","@id":"https:\/\/www.hotelfitzgerald.com\/de\/ochrana-osobnich-udaju\/","url":"https:\/\/www.hotelfitzgerald.com\/de\/ochrana-osobnich-udaju\/","name":"INFORMATIONEN ZUR VERARBEITUNG UND ZUM SCHUTZ PERSONENBEZOGENER DATEN - Hotel Fitzgerald Praha, Karl\u00edn","isPartOf":{"@id":"https:\/\/www.hotelfitzgerald.com\/#website"},"datePublished":"2022-03-29T12:39:37+00:00","dateModified":"2022-06-08T21:35:14+00:00","breadcrumb":{"@id":"https:\/\/www.hotelfitzgerald.com\/de\/ochrana-osobnich-udaju\/#breadcrumb"},"inLanguage":"de","potentialAction":[{"@type":"ReadAction","target":["https:\/\/www.hotelfitzgerald.com\/de\/ochrana-osobnich-udaju\/"]}]},{"@type":"BreadcrumbList","@id":"https:\/\/www.hotelfitzgerald.com\/de\/ochrana-osobnich-udaju\/#breadcrumb","itemListElement":[{"@type":"ListItem","position":1,"name":"Dom\u016f","item":"https:\/\/www.hotelfitzgerald.com\/de\/"},{"@type":"ListItem","position":2,"name":"INFORMATIONEN ZUR VERARBEITUNG UND ZUM SCHUTZ PERSONENBEZOGENER DATEN"}]},{"@type":"WebSite","@id":"https:\/\/www.hotelfitzgerald.com\/#website","url":"https:\/\/www.hotelfitzgerald.com\/","name":"Hotel Fitzgerald Praha, Karl\u00edn","description":"Hotel Fitzgerald Praha, Karl\u00edn","publisher":{"@id":"https:\/\/www.hotelfitzgerald.com\/#organization"},"potentialAction":[{"@type":"SearchAction","target":{"@type":"EntryPoint","urlTemplate":"https:\/\/www.hotelfitzgerald.com\/?s={search_term_string}"},"query-input":{"@type":"PropertyValueSpecification","valueRequired":true,"valueName":"search_term_string"}}],"inLanguage":"de"},{"@type":"Organization","@id":"https:\/\/www.hotelfitzgerald.com\/#organization","name":"Hotel Fitzgerald","url":"https:\/\/www.hotelfitzgerald.com\/","logo":{"@type":"ImageObject","inLanguage":"de","@id":"https:\/\/www.hotelfitzgerald.com\/#\/schema\/logo\/image\/","url":"https:\/\/www.hotelfitzgerald.com\/wp-content\/uploads\/2022\/01\/logo-1.png","contentUrl":"https:\/\/www.hotelfitzgerald.com\/wp-content\/uploads\/2022\/01\/logo-1.png","width":234,"height":83,"caption":"Hotel Fitzgerald"},"image":{"@id":"https:\/\/www.hotelfitzgerald.com\/#\/schema\/logo\/image\/"},"sameAs":["https:\/\/www.facebook.com\/Friends-of-the-Fitzgerald-Prague-109110994869894","https:\/\/www.instagram.com\/the_hotel_fitzgerald\/"]}]}},"_links":{"self":[{"href":"https:\/\/www.hotelfitzgerald.com\/de\/wp-json\/wp\/v2\/pages\/3478","targetHints":{"allow":["GET"]}}],"collection":[{"href":"https:\/\/www.hotelfitzgerald.com\/de\/wp-json\/wp\/v2\/pages"}],"about":[{"href":"https:\/\/www.hotelfitzgerald.com\/de\/wp-json\/wp\/v2\/types\/page"}],"author":[{"embeddable":true,"href":"https:\/\/www.hotelfitzgerald.com\/de\/wp-json\/wp\/v2\/users\/3"}],"replies":[{"embeddable":true,"href":"https:\/\/www.hotelfitzgerald.com\/de\/wp-json\/wp\/v2\/comments?post=3478"}],"version-history":[{"count":3,"href":"https:\/\/www.hotelfitzgerald.com\/de\/wp-json\/wp\/v2\/pages\/3478\/revisions"}],"predecessor-version":[{"id":3803,"href":"https:\/\/www.hotelfitzgerald.com\/de\/wp-json\/wp\/v2\/pages\/3478\/revisions\/3803"}],"wp:attachment":[{"href":"https:\/\/www.hotelfitzgerald.com\/de\/wp-json\/wp\/v2\/media?parent=3478"}],"curies":[{"name":"wp","href":"https:\/\/api.w.org\/{rel}","templated":true}]}}