{"id":3482,"date":"2022-03-18T08:57:59","date_gmt":"2022-03-18T08:57:59","guid":{"rendered":"https:\/\/www.hotelfitzgerald.com\/karlin\/"},"modified":"2022-06-07T08:52:07","modified_gmt":"2022-06-07T08:52:07","slug":"karlin","status":"publish","type":"page","link":"https:\/\/www.hotelfitzgerald.com\/de\/karlin\/","title":{"rendered":"KARL\u00cdN DE"},"content":{"rendered":"<div class=\"wpb-content-wrapper\"><p>[vc_row][vc_column width=&#8220;1\/2&#8243; css=&#8220;.vc_custom_1647594269431{padding-right: 40px !important;padding-left: 40px !important;}&#8220;][vc_empty_space][vc_single_image image=&#8220;1458&#8243; img_size=&#8220;large&#8220; alignment=&#8220;center&#8220;][vc_empty_space][vc_column_text]<\/p>\n<h1 style=\"text-align: center;\"><span style=\"color: #d4974f;\">KARL\u00cdN<\/span><\/h1>\n<p>[\/vc_column_text][vc_empty_space height=&#8220;40px&#8220;][vc_column_text]<\/p>\n<p class=\"p1\" style=\"text-align: center;\">Karlin hat sich von einem Industrieviertel zu einem modischen Zentrum f\u00fcr Restaurants und Nachtleben gewandelt. Es gibt internationale Restaurants, Weinbars und unabh\u00e4ngige Galerien in Jugendstilgeb\u00e4uden und ehemaligen Fabriken.<\/p>\n<p class=\"p1\" style=\"text-align: center;\">Im Karlin Forum finden Konzerte weltber\u00fchmter Bands statt, w\u00e4hrend das Musiktheater Karlin Musicals bietet. Ebenso k\u00f6nnen Sie viele kulturelle Veranstaltungen in unserem Hotel besuchen, die hier regelm\u00e4\u00dfig stattfinden.<\/p>\n<p class=\"p1\" style=\"text-align: center;\">Der Alte Hafen von Karlin ist von modernen B\u00fcrogeb\u00e4uden umgeben und entlang der Moldau verlaufen Fu\u00dfg\u00e4nger- und Radwege.<\/p>\n<p class=\"p1\" style=\"text-align: center;\"><span class=\"s1\">Das Prager Karl\u00edn wurde zu einem der 50 erstaunlichsten Bezirke der Welt gew\u00e4hlt.<\/span><\/p>\n<p>[\/vc_column_text]<div style=\"background-color:;height: 35px\" class=\"nicdark_section  \"><\/div>\n\t<div class=\"nd_options_section nd_options_text_align_center\">\n\t<a style=\"border: px solid;border-radius:px;letter-spacing:1.4px;line-height:14px;font-size:14px;background-color:#d4974f;padding:15px 35px;margin:;color:#000000\" rel=\"\" target=\"_blank\" href=\"https:\/\/www.expats.cz\/czech-news\/article\/pragues-karlin-district-named-one-of-worlds-50-coolest-neighborhoods\" class=\"nicdark_display_inline_block     \">MEHR<\/a>\n\t<\/div>\n[\/vc_column][vc_column width=&#8220;1\/2&#8243;]\n    <div style=\"text-align:\" class=\"nd_options_section\">\n      <img decoding=\"async\" alt=\"\" style=\"width:\" class=\" nd_options_margin_0 nd_options_padding_0 \" src=\"https:\/\/www.hotelfitzgerald.com\/wp-content\/uploads\/2022\/03\/karlin.png\">\n    <\/div>\n   [\/vc_column][\/vc_row][vc_row css=&#8220;.vc_custom_1647874375465{padding-top: 3em !important;}&#8220;][vc_column width=&#8220;1\/2&#8243;]\n    <div style=\"text-align:\" class=\"nd_options_section\">\n      <img decoding=\"async\" alt=\"\" style=\"width:\" class=\" nd_options_margin_0 nd_options_padding_0 \" src=\"https:\/\/www.hotelfitzgerald.com\/wp-content\/uploads\/2022\/03\/IMG_5080-800x800-1.jpeg\">\n    <\/div>\n   [\/vc_column][vc_column width=&#8220;1\/2&#8243;]\n    <div style=\"text-align:\" class=\"nd_options_section\">\n      <img decoding=\"async\" alt=\"\" style=\"width:\" class=\" nd_options_margin_0 nd_options_padding_0 \" src=\"https:\/\/www.hotelfitzgerald.com\/wp-content\/uploads\/2022\/03\/DSC_5455-800x800-1.jpeg\">\n    <\/div>\n   [\/vc_column][\/vc_row][vc_row][vc_column]<div style=\"background-color:;height: 45px\" class=\"nicdark_section  \"><\/div>[\/vc_column][\/vc_row]<\/p>\n<\/div>","protected":false},"excerpt":{"rendered":"<p>[vc_row][vc_column width=&#8220;1\/2&#8243; css=&#8220;.vc_custom_1647594269431{padding-right: 40px !important;padding-left: 40px !important;}&#8220;][vc_empty_space][vc_single_image image=&#8220;1458&#8243; img_size=&#8220;large&#8220; alignment=&#8220;center&#8220;][vc_empty_space][vc_column_text] KARL\u00cdN [\/vc_column_text][vc_empty_space height=&#8220;40px&#8220;][vc_column_text] Karlin hat sich von einem Industrieviertel zu einem modischen Zentrum f\u00fcr Restaurants und Nachtleben gewandelt. Es gibt internationale Restaurants, Weinbars und unabh\u00e4ngige Galerien in Jugendstilgeb\u00e4uden und ehemaligen Fabriken. Im Karlin Forum finden Konzerte weltber\u00fchmter Bands statt, w\u00e4hrend das Musiktheater Karlin Musicals bietet. [&hellip;]<\/p>\n","protected":false},"author":1,"featured_media":0,"parent":0,"menu_order":0,"comment_status":"closed","ping_status":"open","template":"","meta":{"footnotes":""},"class_list":["post-3482","page","type-page","status-publish","hentry"],"yoast_head":"<!-- This site is optimized with the Yoast SEO plugin v27.4 - https:\/\/yoast.com\/product\/yoast-seo-wordpress\/ -->\n<title>KARL\u00cdN DE - Hotel Fitzgerald Praha, Karl\u00edn<\/title>\n<meta name=\"robots\" content=\"index, follow, max-snippet:-1, max-image-preview:large, max-video-preview:-1\" \/>\n<link rel=\"canonical\" href=\"https:\/\/www.hotelfitzgerald.com\/de\/karlin\/\" \/>\n<meta property=\"og:locale\" content=\"de_DE\" \/>\n<meta property=\"og:type\" content=\"article\" \/>\n<meta property=\"og:title\" content=\"KARL\u00cdN DE - Hotel Fitzgerald Praha, Karl\u00edn\" \/>\n<meta property=\"og:description\" content=\"[vc_row][vc_column width=&#8220;1\/2&#8243; css=&#8220;.vc_custom_1647594269431{padding-right: 40px !important;padding-left: 40px !important;}&#8220;][vc_empty_space][vc_single_image image=&#8220;1458&#8243; img_size=&#8220;large&#8220; alignment=&#8220;center&#8220;][vc_empty_space][vc_column_text] KARL\u00cdN [\/vc_column_text][vc_empty_space height=&#8220;40px&#8220;][vc_column_text] Karlin hat sich von einem Industrieviertel zu einem modischen Zentrum f\u00fcr Restaurants und Nachtleben gewandelt. Es gibt internationale Restaurants, Weinbars und unabh\u00e4ngige Galerien in Jugendstilgeb\u00e4uden und ehemaligen Fabriken. Im Karlin Forum finden Konzerte weltber\u00fchmter Bands statt, w\u00e4hrend das Musiktheater Karlin Musicals bietet. [&hellip;]\" \/>\n<meta property=\"og:url\" content=\"https:\/\/www.hotelfitzgerald.com\/de\/karlin\/\" \/>\n<meta property=\"og:site_name\" content=\"Hotel Fitzgerald Praha, Karl\u00edn\" \/>\n<meta property=\"article:publisher\" content=\"https:\/\/www.facebook.com\/Friends-of-the-Fitzgerald-Prague-109110994869894\" \/>\n<meta property=\"article:modified_time\" content=\"2022-06-07T08:52:07+00:00\" \/>\n<meta property=\"og:image\" content=\"https:\/\/www.hotelfitzgerald.com\/wp-content\/uploads\/2022\/05\/1_FITZGERALD-EXTERIOR-1.png\" \/>\n\t<meta property=\"og:image:width\" content=\"1280\" \/>\n\t<meta property=\"og:image:height\" content=\"624\" \/>\n\t<meta property=\"og:image:type\" content=\"image\/png\" \/>\n<meta name=\"twitter:card\" content=\"summary_large_image\" \/>\n<meta name=\"twitter:label1\" content=\"Gesch\u00e4tzte Lesezeit\" \/>\n\t<meta name=\"twitter:data1\" content=\"1\u00a0Minute\" \/>\n<script type=\"application\/ld+json\" class=\"yoast-schema-graph\">{\"@context\":\"https:\\\/\\\/schema.org\",\"@graph\":[{\"@type\":\"WebPage\",\"@id\":\"https:\\\/\\\/www.hotelfitzgerald.com\\\/de\\\/karlin\\\/\",\"url\":\"https:\\\/\\\/www.hotelfitzgerald.com\\\/de\\\/karlin\\\/\",\"name\":\"KARL\u00cdN DE - Hotel Fitzgerald Praha, Karl\u00edn\",\"isPartOf\":{\"@id\":\"https:\\\/\\\/www.hotelfitzgerald.com\\\/#website\"},\"datePublished\":\"2022-03-18T08:57:59+00:00\",\"dateModified\":\"2022-06-07T08:52:07+00:00\",\"breadcrumb\":{\"@id\":\"https:\\\/\\\/www.hotelfitzgerald.com\\\/de\\\/karlin\\\/#breadcrumb\"},\"inLanguage\":\"de\",\"potentialAction\":[{\"@type\":\"ReadAction\",\"target\":[\"https:\\\/\\\/www.hotelfitzgerald.com\\\/de\\\/karlin\\\/\"]}]},{\"@type\":\"BreadcrumbList\",\"@id\":\"https:\\\/\\\/www.hotelfitzgerald.com\\\/de\\\/karlin\\\/#breadcrumb\",\"itemListElement\":[{\"@type\":\"ListItem\",\"position\":1,\"name\":\"Dom\u016f\",\"item\":\"https:\\\/\\\/www.hotelfitzgerald.com\\\/de\\\/\"},{\"@type\":\"ListItem\",\"position\":2,\"name\":\"KARL\u00cdN DE\"}]},{\"@type\":\"WebSite\",\"@id\":\"https:\\\/\\\/www.hotelfitzgerald.com\\\/#website\",\"url\":\"https:\\\/\\\/www.hotelfitzgerald.com\\\/\",\"name\":\"Hotel Fitzgerald Praha, Karl\u00edn\",\"description\":\"Hotel Fitzgerald Praha, Karl\u00edn\",\"publisher\":{\"@id\":\"https:\\\/\\\/www.hotelfitzgerald.com\\\/#organization\"},\"potentialAction\":[{\"@type\":\"SearchAction\",\"target\":{\"@type\":\"EntryPoint\",\"urlTemplate\":\"https:\\\/\\\/www.hotelfitzgerald.com\\\/?s={search_term_string}\"},\"query-input\":{\"@type\":\"PropertyValueSpecification\",\"valueRequired\":true,\"valueName\":\"search_term_string\"}}],\"inLanguage\":\"de\"},{\"@type\":\"Organization\",\"@id\":\"https:\\\/\\\/www.hotelfitzgerald.com\\\/#organization\",\"name\":\"Hotel Fitzgerald\",\"url\":\"https:\\\/\\\/www.hotelfitzgerald.com\\\/\",\"logo\":{\"@type\":\"ImageObject\",\"inLanguage\":\"de\",\"@id\":\"https:\\\/\\\/www.hotelfitzgerald.com\\\/#\\\/schema\\\/logo\\\/image\\\/\",\"url\":\"https:\\\/\\\/www.hotelfitzgerald.com\\\/wp-content\\\/uploads\\\/2022\\\/01\\\/logo-1.png\",\"contentUrl\":\"https:\\\/\\\/www.hotelfitzgerald.com\\\/wp-content\\\/uploads\\\/2022\\\/01\\\/logo-1.png\",\"width\":234,\"height\":83,\"caption\":\"Hotel Fitzgerald\"},\"image\":{\"@id\":\"https:\\\/\\\/www.hotelfitzgerald.com\\\/#\\\/schema\\\/logo\\\/image\\\/\"},\"sameAs\":[\"https:\\\/\\\/www.facebook.com\\\/Friends-of-the-Fitzgerald-Prague-109110994869894\",\"https:\\\/\\\/www.instagram.com\\\/the_hotel_fitzgerald\\\/\"]}]}<\/script>\n<!-- \/ Yoast SEO plugin. -->","yoast_head_json":{"title":"KARL\u00cdN DE - Hotel Fitzgerald Praha, Karl\u00edn","robots":{"index":"index","follow":"follow","max-snippet":"max-snippet:-1","max-image-preview":"max-image-preview:large","max-video-preview":"max-video-preview:-1"},"canonical":"https:\/\/www.hotelfitzgerald.com\/de\/karlin\/","og_locale":"de_DE","og_type":"article","og_title":"KARL\u00cdN DE - Hotel Fitzgerald Praha, Karl\u00edn","og_description":"[vc_row][vc_column width=&#8220;1\/2&#8243; css=&#8220;.vc_custom_1647594269431{padding-right: 40px !important;padding-left: 40px !important;}&#8220;][vc_empty_space][vc_single_image image=&#8220;1458&#8243; img_size=&#8220;large&#8220; alignment=&#8220;center&#8220;][vc_empty_space][vc_column_text] KARL\u00cdN [\/vc_column_text][vc_empty_space height=&#8220;40px&#8220;][vc_column_text] Karlin hat sich von einem Industrieviertel zu einem modischen Zentrum f\u00fcr Restaurants und Nachtleben gewandelt. Es gibt internationale Restaurants, Weinbars und unabh\u00e4ngige Galerien in Jugendstilgeb\u00e4uden und ehemaligen Fabriken. Im Karlin Forum finden Konzerte weltber\u00fchmter Bands statt, w\u00e4hrend das Musiktheater Karlin Musicals bietet. [&hellip;]","og_url":"https:\/\/www.hotelfitzgerald.com\/de\/karlin\/","og_site_name":"Hotel Fitzgerald Praha, Karl\u00edn","article_publisher":"https:\/\/www.facebook.com\/Friends-of-the-Fitzgerald-Prague-109110994869894","article_modified_time":"2022-06-07T08:52:07+00:00","og_image":[{"width":1280,"height":624,"url":"https:\/\/www.hotelfitzgerald.com\/wp-content\/uploads\/2022\/05\/1_FITZGERALD-EXTERIOR-1.png","type":"image\/png"}],"twitter_card":"summary_large_image","twitter_misc":{"Gesch\u00e4tzte Lesezeit":"1\u00a0Minute"},"schema":{"@context":"https:\/\/schema.org","@graph":[{"@type":"WebPage","@id":"https:\/\/www.hotelfitzgerald.com\/de\/karlin\/","url":"https:\/\/www.hotelfitzgerald.com\/de\/karlin\/","name":"KARL\u00cdN DE - Hotel Fitzgerald Praha, Karl\u00edn","isPartOf":{"@id":"https:\/\/www.hotelfitzgerald.com\/#website"},"datePublished":"2022-03-18T08:57:59+00:00","dateModified":"2022-06-07T08:52:07+00:00","breadcrumb":{"@id":"https:\/\/www.hotelfitzgerald.com\/de\/karlin\/#breadcrumb"},"inLanguage":"de","potentialAction":[{"@type":"ReadAction","target":["https:\/\/www.hotelfitzgerald.com\/de\/karlin\/"]}]},{"@type":"BreadcrumbList","@id":"https:\/\/www.hotelfitzgerald.com\/de\/karlin\/#breadcrumb","itemListElement":[{"@type":"ListItem","position":1,"name":"Dom\u016f","item":"https:\/\/www.hotelfitzgerald.com\/de\/"},{"@type":"ListItem","position":2,"name":"KARL\u00cdN DE"}]},{"@type":"WebSite","@id":"https:\/\/www.hotelfitzgerald.com\/#website","url":"https:\/\/www.hotelfitzgerald.com\/","name":"Hotel Fitzgerald Praha, Karl\u00edn","description":"Hotel Fitzgerald Praha, Karl\u00edn","publisher":{"@id":"https:\/\/www.hotelfitzgerald.com\/#organization"},"potentialAction":[{"@type":"SearchAction","target":{"@type":"EntryPoint","urlTemplate":"https:\/\/www.hotelfitzgerald.com\/?s={search_term_string}"},"query-input":{"@type":"PropertyValueSpecification","valueRequired":true,"valueName":"search_term_string"}}],"inLanguage":"de"},{"@type":"Organization","@id":"https:\/\/www.hotelfitzgerald.com\/#organization","name":"Hotel Fitzgerald","url":"https:\/\/www.hotelfitzgerald.com\/","logo":{"@type":"ImageObject","inLanguage":"de","@id":"https:\/\/www.hotelfitzgerald.com\/#\/schema\/logo\/image\/","url":"https:\/\/www.hotelfitzgerald.com\/wp-content\/uploads\/2022\/01\/logo-1.png","contentUrl":"https:\/\/www.hotelfitzgerald.com\/wp-content\/uploads\/2022\/01\/logo-1.png","width":234,"height":83,"caption":"Hotel Fitzgerald"},"image":{"@id":"https:\/\/www.hotelfitzgerald.com\/#\/schema\/logo\/image\/"},"sameAs":["https:\/\/www.facebook.com\/Friends-of-the-Fitzgerald-Prague-109110994869894","https:\/\/www.instagram.com\/the_hotel_fitzgerald\/"]}]}},"_links":{"self":[{"href":"https:\/\/www.hotelfitzgerald.com\/de\/wp-json\/wp\/v2\/pages\/3482","targetHints":{"allow":["GET"]}}],"collection":[{"href":"https:\/\/www.hotelfitzgerald.com\/de\/wp-json\/wp\/v2\/pages"}],"about":[{"href":"https:\/\/www.hotelfitzgerald.com\/de\/wp-json\/wp\/v2\/types\/page"}],"author":[{"embeddable":true,"href":"https:\/\/www.hotelfitzgerald.com\/de\/wp-json\/wp\/v2\/users\/1"}],"replies":[{"embeddable":true,"href":"https:\/\/www.hotelfitzgerald.com\/de\/wp-json\/wp\/v2\/comments?post=3482"}],"version-history":[{"count":3,"href":"https:\/\/www.hotelfitzgerald.com\/de\/wp-json\/wp\/v2\/pages\/3482\/revisions"}],"predecessor-version":[{"id":3734,"href":"https:\/\/www.hotelfitzgerald.com\/de\/wp-json\/wp\/v2\/pages\/3482\/revisions\/3734"}],"wp:attachment":[{"href":"https:\/\/www.hotelfitzgerald.com\/de\/wp-json\/wp\/v2\/media?parent=3482"}],"curies":[{"name":"wp","href":"https:\/\/api.w.org\/{rel}","templated":true}]}}