{"id":3490,"date":"2017-06-30T09:48:28","date_gmt":"2017-06-30T09:48:28","guid":{"rendered":"https:\/\/www.hotelfitzgerald.com\/kontakty\/"},"modified":"2025-01-20T16:05:14","modified_gmt":"2025-01-20T16:05:14","slug":"kontakty","status":"publish","type":"page","link":"https:\/\/www.hotelfitzgerald.com\/de\/kontakty\/","title":{"rendered":"KONTAKT"},"content":{"rendered":"<div class=\"wpb-content-wrapper\"><p>[vc_row full_width=&#8220;stretch_row_content_no_spaces&#8220; css=&#8220;.vc_custom_1657570915979{background-image: url(https:\/\/www.hotelfitzgerald.com\/wp-content\/uploads\/2022\/06\/kontakty-4.jpg?id=3816) !important;background-position: center !important;background-repeat: no-repeat !important;background-size: cover !important;}&#8220;][vc_column]<div style=\"background-color:;height: 350px\" class=\"nicdark_section  \"><\/div>[\/vc_column][\/vc_row][vc_row][vc_column][vc_empty_space height=&#8220;96px&#8220;][vc_single_image image=&#8220;1618&#8243; img_size=&#8220;full&#8220; alignment=&#8220;center&#8220;][vc_empty_space][vc_column_text]<\/p>\n<h1 style=\"text-align: center;\"><span style=\"color: #d4974f;\">DAS HOTEL FITZGERALD<\/span><\/h1>\n<p>[\/vc_column_text][vc_empty_space height=&#8220;40px&#8220;][vc_empty_space height=&#8220;56px&#8220; el_class=&#8220;hide-on-resp&#8220;][vc_row_inner][vc_column_inner width=&#8220;1\/5&#8243;][\/vc_column_inner][vc_column_inner width=&#8220;1\/5&#8243;][vc_column_text]<\/p>\n<p style=\"text-align: center;\"><span style=\"color: #999999;\">V\u00cdTKOVA 151\/26<\/span><\/p>\n<p style=\"text-align: center;\"><span style=\"color: #999999;\">PRAG 8, 186 00<\/span><\/p>\n<p>[\/vc_column_text][\/vc_column_inner][vc_column_inner width=&#8220;1\/5&#8243;][vc_column_text]<\/p>\n<p style=\"text-align: center;\"><span style=\"color: #999999;\">TELEFON: <a href=\"tel:+420222334200\">+420 222 334 200<\/a><\/span><\/p>\n<p>[\/vc_column_text][\/vc_column_inner][vc_column_inner width=&#8220;1\/5&#8243;][vc_column_text]<\/p>\n<p style=\"text-align: center;\"><span style=\"color: #999999;\">RESERVIERUNG: <a href=\"mailto:reception@hotelfitzgerald.com\">RECEPTION@HOTELFITZGERALD.COM<\/a><\/span><\/p>\n<p>[\/vc_column_text][\/vc_column_inner][vc_column_inner width=&#8220;1\/5&#8243;][\/vc_column_inner][\/vc_row_inner][vc_empty_space height=&#8220;40px&#8220;][vc_empty_space height=&#8220;56px&#8220; el_class=&#8220;hide-on-resp&#8220;]\n\t<div class=\"nd_options_section nd_options_text_align_center\">\n\t<a style=\"border: px solid;border-radius:px;letter-spacing:1.4px;line-height:14px;font-size:14px;background-color:#d4974f;padding:15px 25px;margin:;color:#000000\" rel=\"\" href=\"#\" class=\"nicdark_display_inline_block  nd_options_font_weight_normal nd_options_second_font  \">ANREISE<\/a>\n\t<\/div>\n[vc_empty_space height=&#8220;96px&#8220;]<div style=\"background-color:;height: 25px\" class=\"nicdark_section  \"><\/div> <h1 style=\"color:#dd9933;padding:px;text-align:center;font-size:25px;line-height:px;letter-spacing: 4px;font-weight:\" class=\"    \">PARKEN<\/h1> <div style=\"background-color:;height: 25px\" class=\"nicdark_section  \"><\/div>[vc_column_text]<\/p>\n<p class=\"p1\" style=\"text-align: center;\">Das Hotel verf\u00fcgt \u00fcber eine begrenzte Anzahl von Parkkarten, die Sie mit Kollegen an der Hotelrezeption f\u00fcr 450 CZK \/ Nacht buchen k\u00f6nnen.<\/p>\n<p class=\"p1\" style=\"text-align: center;\">Das Parken auf der Stra\u00dfe ist \u00fcber Parkautomaten m\u00f6glich.<\/p>\n<p class=\"p1\" style=\"text-align: center;\">Der Preis f\u00fcr das Parken betr\u00e4gt 60 CZK \/ Stunde und das Parken am Wochenende ist kostenlos.<\/p>\n<p>[\/vc_column_text]<div style=\"background-color:;height: 50px\" class=\"nicdark_section hide-on-resp \"><\/div>[\/vc_column][\/vc_row][vc_row][vc_column][vc_empty_space][vc_single_image image=&#8220;1712&#8243; img_size=&#8220;FULL&#8220; alignment=&#8220;center&#8220;][vc_empty_space height=&#8220;96px&#8220; el_class=&#8220;hide-on-resp&#8220;][\/vc_column][\/vc_row][vc_row][vc_column width=&#8220;1\/6&#8243;][\/vc_column][vc_column width=&#8220;2\/3&#8243; offset=&#8220;vc_hidden-lg vc_hidden-md vc_hidden-sm vc_hidden-xs&#8220;][vc_empty_space][vc_row_inner][vc_column_inner width=&#8220;1\/3&#8243; css=&#8220;.vc_custom_1647436521429{padding-top: 40px !important;padding-right: 40px !important;padding-bottom: 40px !important;padding-left: 40px !important;}&#8220;][vc_column_text]<\/p>\n<h2 style=\"text-align: center;\"><span style=\"color: #d4974f;\">KARL\u00cdN<\/span><\/h2>\n<p>&nbsp;<\/p>\n<p style=\"text-align: center;\">The Fitzgerald hotel\u00a0 je situov\u00e1n v m\u011bstsk\u00e9 \u010d\u00e1sti Praha 8 &#8211; Karl\u00edn, jen n\u011bkolik minut od centra m\u011bsta.<\/p>\n<p style=\"text-align: center;\">D\u00edky t\u00e9to v\u00fdhodn\u00e9 poloze je n\u00e1\u0161 hotel ide\u00e1ln\u00edm v\u00fdchoz\u00edm bodem pro soukorm\u00e9 i slu\u017eebn\u00ed cesty.<\/p>\n<p style=\"text-align: center;\">V bezpdrostredn\u00ed bl\u00edzkosti hotelu se nach\u00e1dz\u00ed tramvajov\u00e1 zast\u00e1vka a stanice metra C &#8211; Florenc.<\/p>\n<p>[\/vc_column_text][vc_empty_space]\n\t<div class=\"nd_options_section nd_options_text_align_center\">\n\t<a style=\"border: px solid;border-radius:px;letter-spacing:1.4px;line-height:14px;font-size:14px;background-color:#d4974f;padding:15px 35px;margin:;color:#000000\" rel=\"\" href=\"\/karlin\/\" class=\"nicdark_display_inline_block  nd_options_font_weight_normal nd_options_second_font  \">V\u00cdCE<\/a>\n\t<\/div>\n[\/vc_column_inner][vc_column_inner width=&#8220;2\/3&#8243;]\n    <div style=\"text-align:\" class=\"nd_options_section\">\n      <img decoding=\"async\" alt=\"\" style=\"width:\" class=\" nd_options_margin_0 nd_options_padding_0 \" src=\"https:\/\/www.hotelfitzgerald.com\/wp-content\/uploads\/2022\/03\/karlin.png\">\n    <\/div>\n   [\/vc_column_inner][\/vc_row_inner][\/vc_column][vc_column width=&#8220;1\/6&#8243;][\/vc_column][\/vc_row][vc_row][vc_column]<div style=\"background-color:;height: 30px\" class=\"nicdark_section  \"><\/div>[\/vc_column][\/vc_row]<\/p>\n<\/div>","protected":false},"excerpt":{"rendered":"<p>[vc_row full_width=&#8220;stretch_row_content_no_spaces&#8220; css=&#8220;.vc_custom_1657570915979{background-image: url(https:\/\/www.hotelfitzgerald.com\/wp-content\/uploads\/2022\/06\/kontakty-4.jpg?id=3816) !important;background-position: center !important;background-repeat: no-repeat !important;background-size: cover !important;}&#8220;][vc_column][\/vc_column][\/vc_row][vc_row][vc_column][vc_empty_space height=&#8220;96px&#8220;][vc_single_image image=&#8220;1618&#8243; img_size=&#8220;full&#8220; alignment=&#8220;center&#8220;][vc_empty_space][vc_column_text] DAS HOTEL FITZGERALD [\/vc_column_text][vc_empty_space height=&#8220;40px&#8220;][vc_empty_space height=&#8220;56px&#8220; el_class=&#8220;hide-on-resp&#8220;][vc_row_inner][vc_column_inner width=&#8220;1\/5&#8243;][\/vc_column_inner][vc_column_inner width=&#8220;1\/5&#8243;][vc_column_text] V\u00cdTKOVA 151\/26 PRAG 8, 186 00 [\/vc_column_text][\/vc_column_inner][vc_column_inner width=&#8220;1\/5&#8243;][vc_column_text] TELEFON: +420 222 334 200 [\/vc_column_text][\/vc_column_inner][vc_column_inner width=&#8220;1\/5&#8243;][vc_column_text] RESERVIERUNG: RECEPTION@HOTELFITZGERALD.COM [\/vc_column_text][\/vc_column_inner][vc_column_inner width=&#8220;1\/5&#8243;][\/vc_column_inner][\/vc_row_inner][vc_empty_space height=&#8220;40px&#8220;][vc_empty_space height=&#8220;56px&#8220; el_class=&#8220;hide-on-resp&#8220;][vc_empty_space height=&#8220;96px&#8220;][vc_column_text] Das Hotel verf\u00fcgt \u00fcber eine begrenzte Anzahl von [&hellip;]<\/p>\n","protected":false},"author":1,"featured_media":0,"parent":0,"menu_order":0,"comment_status":"closed","ping_status":"open","template":"","meta":{"footnotes":""},"class_list":["post-3490","page","type-page","status-publish","hentry"],"yoast_head":"<!-- This site is optimized with the Yoast SEO plugin v27.5 - https:\/\/yoast.com\/product\/yoast-seo-wordpress\/ -->\n<title>KONTAKT - Hotel Fitzgerald Praha, Karl\u00edn<\/title>\n<meta name=\"robots\" content=\"index, follow, max-snippet:-1, max-image-preview:large, max-video-preview:-1\" \/>\n<link rel=\"canonical\" href=\"https:\/\/www.hotelfitzgerald.com\/de\/kontakty\/\" \/>\n<meta property=\"og:locale\" content=\"de_DE\" \/>\n<meta property=\"og:type\" content=\"article\" \/>\n<meta property=\"og:title\" content=\"KONTAKT - Hotel Fitzgerald Praha, Karl\u00edn\" \/>\n<meta property=\"og:description\" content=\"[vc_row full_width=&#8220;stretch_row_content_no_spaces&#8220; css=&#8220;.vc_custom_1657570915979{background-image: url(https:\/\/www.hotelfitzgerald.com\/wp-content\/uploads\/2022\/06\/kontakty-4.jpg?id=3816) !important;background-position: center !important;background-repeat: no-repeat !important;background-size: cover !important;}&#8220;][vc_column][\/vc_column][\/vc_row][vc_row][vc_column][vc_empty_space height=&#8220;96px&#8220;][vc_single_image image=&#8220;1618&#8243; img_size=&#8220;full&#8220; alignment=&#8220;center&#8220;][vc_empty_space][vc_column_text] DAS HOTEL FITZGERALD [\/vc_column_text][vc_empty_space height=&#8220;40px&#8220;][vc_empty_space height=&#8220;56px&#8220; el_class=&#8220;hide-on-resp&#8220;][vc_row_inner][vc_column_inner width=&#8220;1\/5&#8243;][\/vc_column_inner][vc_column_inner width=&#8220;1\/5&#8243;][vc_column_text] V\u00cdTKOVA 151\/26 PRAG 8, 186 00 [\/vc_column_text][\/vc_column_inner][vc_column_inner width=&#8220;1\/5&#8243;][vc_column_text] TELEFON: +420 222 334 200 [\/vc_column_text][\/vc_column_inner][vc_column_inner width=&#8220;1\/5&#8243;][vc_column_text] RESERVIERUNG: RECEPTION@HOTELFITZGERALD.COM [\/vc_column_text][\/vc_column_inner][vc_column_inner width=&#8220;1\/5&#8243;][\/vc_column_inner][\/vc_row_inner][vc_empty_space height=&#8220;40px&#8220;][vc_empty_space height=&#8220;56px&#8220; el_class=&#8220;hide-on-resp&#8220;][vc_empty_space height=&#8220;96px&#8220;][vc_column_text] Das Hotel verf\u00fcgt \u00fcber eine begrenzte Anzahl von [&hellip;]\" \/>\n<meta property=\"og:url\" content=\"https:\/\/www.hotelfitzgerald.com\/de\/kontakty\/\" \/>\n<meta property=\"og:site_name\" content=\"Hotel Fitzgerald Praha, Karl\u00edn\" \/>\n<meta property=\"article:publisher\" content=\"https:\/\/www.facebook.com\/Friends-of-the-Fitzgerald-Prague-109110994869894\" \/>\n<meta property=\"article:modified_time\" content=\"2025-01-20T16:05:14+00:00\" \/>\n<meta property=\"og:image\" content=\"https:\/\/www.hotelfitzgerald.com\/wp-content\/uploads\/2022\/05\/1_FITZGERALD-EXTERIOR-1.png\" \/>\n\t<meta property=\"og:image:width\" content=\"1280\" \/>\n\t<meta property=\"og:image:height\" content=\"624\" \/>\n\t<meta property=\"og:image:type\" content=\"image\/png\" \/>\n<meta name=\"twitter:card\" content=\"summary_large_image\" \/>\n<meta name=\"twitter:label1\" content=\"Gesch\u00e4tzte Lesezeit\" \/>\n\t<meta name=\"twitter:data1\" content=\"2\u00a0Minuten\" \/>\n<script type=\"application\/ld+json\" class=\"yoast-schema-graph\">{\"@context\":\"https:\\\/\\\/schema.org\",\"@graph\":[{\"@type\":\"WebPage\",\"@id\":\"https:\\\/\\\/www.hotelfitzgerald.com\\\/de\\\/kontakty\\\/\",\"url\":\"https:\\\/\\\/www.hotelfitzgerald.com\\\/de\\\/kontakty\\\/\",\"name\":\"KONTAKT - Hotel Fitzgerald Praha, Karl\u00edn\",\"isPartOf\":{\"@id\":\"https:\\\/\\\/www.hotelfitzgerald.com\\\/#website\"},\"datePublished\":\"2017-06-30T09:48:28+00:00\",\"dateModified\":\"2025-01-20T16:05:14+00:00\",\"breadcrumb\":{\"@id\":\"https:\\\/\\\/www.hotelfitzgerald.com\\\/de\\\/kontakty\\\/#breadcrumb\"},\"inLanguage\":\"de\",\"potentialAction\":[{\"@type\":\"ReadAction\",\"target\":[\"https:\\\/\\\/www.hotelfitzgerald.com\\\/de\\\/kontakty\\\/\"]}]},{\"@type\":\"BreadcrumbList\",\"@id\":\"https:\\\/\\\/www.hotelfitzgerald.com\\\/de\\\/kontakty\\\/#breadcrumb\",\"itemListElement\":[{\"@type\":\"ListItem\",\"position\":1,\"name\":\"Dom\u016f\",\"item\":\"https:\\\/\\\/www.hotelfitzgerald.com\\\/de\\\/\"},{\"@type\":\"ListItem\",\"position\":2,\"name\":\"KONTAKT\"}]},{\"@type\":\"WebSite\",\"@id\":\"https:\\\/\\\/www.hotelfitzgerald.com\\\/#website\",\"url\":\"https:\\\/\\\/www.hotelfitzgerald.com\\\/\",\"name\":\"Hotel Fitzgerald Praha, Karl\u00edn\",\"description\":\"Hotel Fitzgerald Praha, Karl\u00edn\",\"publisher\":{\"@id\":\"https:\\\/\\\/www.hotelfitzgerald.com\\\/#organization\"},\"potentialAction\":[{\"@type\":\"SearchAction\",\"target\":{\"@type\":\"EntryPoint\",\"urlTemplate\":\"https:\\\/\\\/www.hotelfitzgerald.com\\\/?s={search_term_string}\"},\"query-input\":{\"@type\":\"PropertyValueSpecification\",\"valueRequired\":true,\"valueName\":\"search_term_string\"}}],\"inLanguage\":\"de\"},{\"@type\":\"Organization\",\"@id\":\"https:\\\/\\\/www.hotelfitzgerald.com\\\/#organization\",\"name\":\"Hotel Fitzgerald\",\"url\":\"https:\\\/\\\/www.hotelfitzgerald.com\\\/\",\"logo\":{\"@type\":\"ImageObject\",\"inLanguage\":\"de\",\"@id\":\"https:\\\/\\\/www.hotelfitzgerald.com\\\/#\\\/schema\\\/logo\\\/image\\\/\",\"url\":\"https:\\\/\\\/www.hotelfitzgerald.com\\\/wp-content\\\/uploads\\\/2022\\\/01\\\/logo-1.png\",\"contentUrl\":\"https:\\\/\\\/www.hotelfitzgerald.com\\\/wp-content\\\/uploads\\\/2022\\\/01\\\/logo-1.png\",\"width\":234,\"height\":83,\"caption\":\"Hotel Fitzgerald\"},\"image\":{\"@id\":\"https:\\\/\\\/www.hotelfitzgerald.com\\\/#\\\/schema\\\/logo\\\/image\\\/\"},\"sameAs\":[\"https:\\\/\\\/www.facebook.com\\\/Friends-of-the-Fitzgerald-Prague-109110994869894\",\"https:\\\/\\\/www.instagram.com\\\/the_hotel_fitzgerald\\\/\"]}]}<\/script>\n<!-- \/ Yoast SEO plugin. -->","yoast_head_json":{"title":"KONTAKT - Hotel Fitzgerald Praha, Karl\u00edn","robots":{"index":"index","follow":"follow","max-snippet":"max-snippet:-1","max-image-preview":"max-image-preview:large","max-video-preview":"max-video-preview:-1"},"canonical":"https:\/\/www.hotelfitzgerald.com\/de\/kontakty\/","og_locale":"de_DE","og_type":"article","og_title":"KONTAKT - Hotel Fitzgerald Praha, Karl\u00edn","og_description":"[vc_row full_width=&#8220;stretch_row_content_no_spaces&#8220; css=&#8220;.vc_custom_1657570915979{background-image: url(https:\/\/www.hotelfitzgerald.com\/wp-content\/uploads\/2022\/06\/kontakty-4.jpg?id=3816) !important;background-position: center !important;background-repeat: no-repeat !important;background-size: cover !important;}&#8220;][vc_column][\/vc_column][\/vc_row][vc_row][vc_column][vc_empty_space height=&#8220;96px&#8220;][vc_single_image image=&#8220;1618&#8243; img_size=&#8220;full&#8220; alignment=&#8220;center&#8220;][vc_empty_space][vc_column_text] DAS HOTEL FITZGERALD [\/vc_column_text][vc_empty_space height=&#8220;40px&#8220;][vc_empty_space height=&#8220;56px&#8220; el_class=&#8220;hide-on-resp&#8220;][vc_row_inner][vc_column_inner width=&#8220;1\/5&#8243;][\/vc_column_inner][vc_column_inner width=&#8220;1\/5&#8243;][vc_column_text] V\u00cdTKOVA 151\/26 PRAG 8, 186 00 [\/vc_column_text][\/vc_column_inner][vc_column_inner width=&#8220;1\/5&#8243;][vc_column_text] TELEFON: +420 222 334 200 [\/vc_column_text][\/vc_column_inner][vc_column_inner width=&#8220;1\/5&#8243;][vc_column_text] RESERVIERUNG: RECEPTION@HOTELFITZGERALD.COM [\/vc_column_text][\/vc_column_inner][vc_column_inner width=&#8220;1\/5&#8243;][\/vc_column_inner][\/vc_row_inner][vc_empty_space height=&#8220;40px&#8220;][vc_empty_space height=&#8220;56px&#8220; el_class=&#8220;hide-on-resp&#8220;][vc_empty_space height=&#8220;96px&#8220;][vc_column_text] Das Hotel verf\u00fcgt \u00fcber eine begrenzte Anzahl von [&hellip;]","og_url":"https:\/\/www.hotelfitzgerald.com\/de\/kontakty\/","og_site_name":"Hotel Fitzgerald Praha, Karl\u00edn","article_publisher":"https:\/\/www.facebook.com\/Friends-of-the-Fitzgerald-Prague-109110994869894","article_modified_time":"2025-01-20T16:05:14+00:00","og_image":[{"width":1280,"height":624,"url":"https:\/\/www.hotelfitzgerald.com\/wp-content\/uploads\/2022\/05\/1_FITZGERALD-EXTERIOR-1.png","type":"image\/png"}],"twitter_card":"summary_large_image","twitter_misc":{"Gesch\u00e4tzte Lesezeit":"2\u00a0Minuten"},"schema":{"@context":"https:\/\/schema.org","@graph":[{"@type":"WebPage","@id":"https:\/\/www.hotelfitzgerald.com\/de\/kontakty\/","url":"https:\/\/www.hotelfitzgerald.com\/de\/kontakty\/","name":"KONTAKT - Hotel Fitzgerald Praha, Karl\u00edn","isPartOf":{"@id":"https:\/\/www.hotelfitzgerald.com\/#website"},"datePublished":"2017-06-30T09:48:28+00:00","dateModified":"2025-01-20T16:05:14+00:00","breadcrumb":{"@id":"https:\/\/www.hotelfitzgerald.com\/de\/kontakty\/#breadcrumb"},"inLanguage":"de","potentialAction":[{"@type":"ReadAction","target":["https:\/\/www.hotelfitzgerald.com\/de\/kontakty\/"]}]},{"@type":"BreadcrumbList","@id":"https:\/\/www.hotelfitzgerald.com\/de\/kontakty\/#breadcrumb","itemListElement":[{"@type":"ListItem","position":1,"name":"Dom\u016f","item":"https:\/\/www.hotelfitzgerald.com\/de\/"},{"@type":"ListItem","position":2,"name":"KONTAKT"}]},{"@type":"WebSite","@id":"https:\/\/www.hotelfitzgerald.com\/#website","url":"https:\/\/www.hotelfitzgerald.com\/","name":"Hotel Fitzgerald Praha, Karl\u00edn","description":"Hotel Fitzgerald Praha, Karl\u00edn","publisher":{"@id":"https:\/\/www.hotelfitzgerald.com\/#organization"},"potentialAction":[{"@type":"SearchAction","target":{"@type":"EntryPoint","urlTemplate":"https:\/\/www.hotelfitzgerald.com\/?s={search_term_string}"},"query-input":{"@type":"PropertyValueSpecification","valueRequired":true,"valueName":"search_term_string"}}],"inLanguage":"de"},{"@type":"Organization","@id":"https:\/\/www.hotelfitzgerald.com\/#organization","name":"Hotel Fitzgerald","url":"https:\/\/www.hotelfitzgerald.com\/","logo":{"@type":"ImageObject","inLanguage":"de","@id":"https:\/\/www.hotelfitzgerald.com\/#\/schema\/logo\/image\/","url":"https:\/\/www.hotelfitzgerald.com\/wp-content\/uploads\/2022\/01\/logo-1.png","contentUrl":"https:\/\/www.hotelfitzgerald.com\/wp-content\/uploads\/2022\/01\/logo-1.png","width":234,"height":83,"caption":"Hotel Fitzgerald"},"image":{"@id":"https:\/\/www.hotelfitzgerald.com\/#\/schema\/logo\/image\/"},"sameAs":["https:\/\/www.facebook.com\/Friends-of-the-Fitzgerald-Prague-109110994869894","https:\/\/www.instagram.com\/the_hotel_fitzgerald\/"]}]}},"_links":{"self":[{"href":"https:\/\/www.hotelfitzgerald.com\/de\/wp-json\/wp\/v2\/pages\/3490","targetHints":{"allow":["GET"]}}],"collection":[{"href":"https:\/\/www.hotelfitzgerald.com\/de\/wp-json\/wp\/v2\/pages"}],"about":[{"href":"https:\/\/www.hotelfitzgerald.com\/de\/wp-json\/wp\/v2\/types\/page"}],"author":[{"embeddable":true,"href":"https:\/\/www.hotelfitzgerald.com\/de\/wp-json\/wp\/v2\/users\/1"}],"replies":[{"embeddable":true,"href":"https:\/\/www.hotelfitzgerald.com\/de\/wp-json\/wp\/v2\/comments?post=3490"}],"version-history":[{"count":8,"href":"https:\/\/www.hotelfitzgerald.com\/de\/wp-json\/wp\/v2\/pages\/3490\/revisions"}],"predecessor-version":[{"id":4529,"href":"https:\/\/www.hotelfitzgerald.com\/de\/wp-json\/wp\/v2\/pages\/3490\/revisions\/4529"}],"wp:attachment":[{"href":"https:\/\/www.hotelfitzgerald.com\/de\/wp-json\/wp\/v2\/media?parent=3490"}],"curies":[{"name":"wp","href":"https:\/\/api.w.org\/{rel}","templated":true}]}}