{"id":3485,"date":"2022-04-18T16:30:39","date_gmt":"2022-04-18T16:30:39","guid":{"rendered":"https:\/\/www.hotelfitzgerald.com\/konferencni-sal\/"},"modified":"2022-07-12T12:40:33","modified_gmt":"2022-07-12T12:40:33","slug":"konferencni-sal","status":"publish","type":"page","link":"https:\/\/www.hotelfitzgerald.com\/en\/konferencni-sal\/","title":{"rendered":"Conference Hall"},"content":{"rendered":"<div class=\"wpb-content-wrapper\"><p>[vc_row][vc_column]<div style=\"background-color:;height: 30px\" class=\"nicdark_section  \"><\/div>[\/vc_column][\/vc_row][vc_row][vc_column]<div style=\"background-color:;height: 45px\" class=\"nicdark_section  \"><\/div>\n    <div style=\"text-align:center\" class=\"nd_options_section\">\n      <img decoding=\"async\" alt=\"\" style=\"width:\" class=\" nd_options_margin_0 nd_options_padding_0 \" src=\"https:\/\/www.hotelfitzgerald.com\/wp-content\/uploads\/2022\/03\/restaurace-title.png\">\n    <\/div>\n   <div style=\"background-color:;height: 35px\" class=\"nicdark_section  \"><\/div> <h1 style=\"color:#d4974f;padding:px;text-align:center;font-size:30px;line-height:px;letter-spacing: 4px;font-weight:\" class=\"    \">THE FITZ THEATRE<\/h1> <div style=\"background-color:;height: 35px\" class=\"nicdark_section  \"><\/div>[vc_empty_space height=&#8221;70px&#8221;][vc_tta_tabs style=&#8221;flat&#8221; shape=&#8221;square&#8221; color=&#8221;orange&#8221; spacing=&#8221;10&#8243; gap=&#8221;35&#8243; alignment=&#8221;center&#8221; active_section=&#8221;1&#8243; no_fill_content_area=&#8221;true&#8221;][vc_tta_section title=&#8221;CONFERENCE &amp; EVENTS&#8221; tab_id=&#8221;1657100813658-d01ad4aa-0935&#8243;][vc_row_inner css=&#8221;.vc_custom_1657101858467{background-color: #27283a !important;}&#8221;][vc_column_inner width=&#8221;1\/2&#8243;]<div style=\"background-color:;height: 35px\" class=\"nicdark_section  \"><\/div>[vc_column_text css=&#8221;.vc_custom_1656933739764{margin-bottom: 35px !important;}&#8221;]<\/p>\n<p class=\"p1\"><span class=\"s1\">Our theatre is fully air conditioned, and is suitable for conferences and other corporate events. It is located on the ground floor of The Fitzgerald. The room is multi-functional and equipped with a standard AV system. We are able to hold conferences, company presentations, celebrations, parties, weddings, balls and other VIP events. We can help you to prepare for all these events with our in-house team.<span class=\"Apple-converted-space\">\u00a0 <\/span>The theatre can be combined with the lobby bar to offer an excellent space for company parties and similar functions.<\/span><\/p>\n<p>[\/vc_column_text]<div style=\"background-color:;height: 40 pxpx\" class=\"nicdark_section  \"><\/div> <h5 style=\"color:#878787;padding:px;text-align:;font-size:25px;line-height:15px;letter-spacing: px;font-weight:normal\" class=\"   nd_options_second_font \">Conference Hall Dimensions:<\/h5> <div style=\"background-color:;height: 40 pxpx\" class=\"nicdark_section  \"><\/div>[vc_column_text css=&#8221;.vc_custom_1653941262112{margin-top: 20px !important;margin-bottom: 20px !important;}&#8221;]<\/p>\n<ul>\n<li class=\"p1\"><span class=\"s1\">Main Floor 123 <b>m\u00b2 <\/b>(12,3 x 10m)<\/span><\/li>\n<li class=\"p1\"><span class=\"s1\">Stage <b>20 m\u00b2<\/b> (7,5 x 2,7m)<\/span><\/li>\n<li class=\"p1\"><span class=\"s1\">Balcony <b>57 m\u00b2<\/b><\/span><\/li>\n<\/ul>\n<p>[\/vc_column_text]<div style=\"background-color:;height: 30px\" class=\"nicdark_section  \"><\/div> <h5 style=\"color:#878787;padding:px;text-align:;font-size:25px;line-height:15px;letter-spacing: 2px;font-weight:normal\" class=\"   nd_options_second_font \">Capacity:<\/h5> [vc_column_text]<\/p>\n<ul>\n<li class=\"p1\"><span class=\"s1\">Classroom Set Up: 70 guests<\/span><\/li>\n<li class=\"p1\"><span class=\"s1\">Theatre: 140 guests<\/span><\/li>\n<li class=\"p1\"><span class=\"s1\">U Shape: 50 guests<\/span><\/li>\n<li class=\"p1\"><span class=\"s1\">Galla Dinner (table 4-6 guests): max. 100 guests<\/span><\/li>\n<li class=\"p1\">The stated numbers apply to the ground floor of the hall. There is also the possibility of using the gallery hall for another 50 people.<\/li>\n<\/ul>\n<p>[\/vc_column_text]<div style=\"background-color:;height: 30px\" class=\"nicdark_section  \"><\/div>[\/vc_column_inner][vc_column_inner width=&#8221;1\/2&#8243;]<div style=\"background-color:;height: 45px\" class=\"nicdark_section  \"><\/div>[vc_single_image image=&#8221;3869&#8243; img_size=&#8221;full&#8221; alignment=&#8221;right&#8221;]<div style=\"background-color:;height: 40 pxpx\" class=\"nicdark_section  \"><\/div>[\/vc_column_inner][\/vc_row_inner]<div style=\"background-color:;height: 25 pxpx\" class=\"nicdark_section  \"><\/div>[vc_empty_space]<div style=\"background-color:;height: 40 pxpx\" class=\"nicdark_section  \"><\/div>[vc_column_text]<\/p>\n<table class=\"aligncenter\" dir=\"ltr\" style=\"text-align: center; border: 1px; border-color: #808080;\" border=\"1\" cellspacing=\"0\" cellpadding=\"0\">\n<colgroup>\n<col width=\"135\" \/>\n<col width=\"100\" \/>\n<col width=\"100\" \/>\n<col width=\"128\" \/>\n<col width=\"100\" \/>\n<col width=\"100\" \/>\n<col width=\"100\" \/>\n<col width=\"120\" \/><\/colgroup>\n<tbody>\n<tr>\n<td><\/td>\n<td><img decoding=\"async\" class=\"aligncenter\" style=\"width: 100px;\" src=\"\/wp-content\/uploads\/2022\/05\/fitz-08.png\" \/><\/td>\n<td><img decoding=\"async\" style=\"width: 100px;\" src=\"\/wp-content\/uploads\/2022\/05\/fitz-09.png\" \/><\/td>\n<td><img decoding=\"async\" style=\"width: 100px;\" src=\"\/wp-content\/uploads\/2022\/05\/fitz-10.png\" \/><\/td>\n<td><img decoding=\"async\" style=\"width: 100px;\" src=\"\/wp-content\/uploads\/2022\/05\/fitz-11.png\" \/><\/td>\n<td><img decoding=\"async\" style=\"width: 100px;\" src=\"\/wp-content\/uploads\/2022\/05\/fitz-12.png\" \/><\/td>\n<td><img decoding=\"async\" style=\"width: 100px;\" src=\"\/wp-content\/uploads\/2022\/05\/fitz-13.png\" \/><\/td>\n<td><img decoding=\"async\" style=\"width: 100px;\" src=\"\/wp-content\/uploads\/2022\/05\/fitz-14.png\" \/><\/td>\n<\/tr>\n<tr>\n<td><\/td>\n<td data-sheets-value=\"{&quot;1&quot;:2,&quot;2&quot;:&quot;Divadlo&quot;}\">\u00a0 Theatre<\/td>\n<td data-sheets-value=\"{&quot;1&quot;:2,&quot;2&quot;:&quot;Jednac\u00ed U&quot;}\">U Shape<\/td>\n<td data-sheets-value=\"{&quot;1&quot;:2,&quot;2&quot;:&quot;Zasedac\u00ed m\u00edstnost&quot;}\">\u00a0 Boardroom<\/td>\n<td data-sheets-value=\"{&quot;1&quot;:2,&quot;2&quot;:&quot;T\u0159\u00edda&quot;}\">\u00a0 Classroom<\/td>\n<td data-sheets-value=\"{&quot;1&quot;:2,&quot;2&quot;:&quot;Banket&quot;}\">\u00a0 Banquet<\/td>\n<td data-sheets-value=\"{&quot;1&quot;:2,&quot;2&quot;:&quot;V\u00fd\u0161ka&quot;}\">\u00a0 Hight<\/td>\n<td data-sheets-value=\"{&quot;1&quot;:2,&quot;2&quot;:&quot;Plocha&quot;}\">\u00a0 Main Floor<\/td>\n<\/tr>\n<tr>\n<td data-sheets-value=\"{&quot;1&quot;:2,&quot;2&quot;:&quot;Specifikace s\u00e1lu&quot;}\">\u00a0 Capacity<\/td>\n<td data-sheets-value=\"{&quot;1&quot;:2,&quot;2&quot;:&quot;140 osob&quot;}\">\u00a0 140 guests<\/td>\n<td data-sheets-value=\"{&quot;1&quot;:2,&quot;2&quot;:&quot;50 osob&quot;}\">\u00a0 50 guests<\/td>\n<td data-sheets-value=\"{&quot;1&quot;:2,&quot;2&quot;:&quot;50 osob&quot;}\">\u00a0 50 guests<\/td>\n<td data-sheets-value=\"{&quot;1&quot;:2,&quot;2&quot;:&quot;70 osob&quot;}\">\u00a0 70 guests<\/td>\n<td data-sheets-value=\"{&quot;1&quot;:2,&quot;2&quot;:&quot;100 osob&quot;}\">\u00a0 100 guests<\/td>\n<td data-sheets-value=\"{&quot;1&quot;:2,&quot;2&quot;:&quot;6 m&quot;}\">\u00a0 6 m<\/td>\n<td data-sheets-value=\"{&quot;1&quot;:2,&quot;2&quot;:&quot;123 m\u00b2 (2,3x10m)&quot;}\">\u00a0 123 m\u00b2 (2,3x10m)<\/td>\n<\/tr>\n<\/tbody>\n<\/table>\n<p>[\/vc_column_text]<div style=\"background-color:;height: 40 pxpx\" class=\"nicdark_section  \"><\/div>[\/vc_tta_section][vc_tta_section title=&#8221;MUSIC &amp; THEATRE&#8221; tab_id=&#8221;1657100813688-ae06c4c4-2721&#8243;][vc_row_inner][vc_column_inner width=&#8221;1\/4&#8243;][\/vc_column_inner][vc_column_inner width=&#8221;1\/2&#8243;][vc_column_text]The Fitz Theatre has been a successful venue down the years, and now, thanks to an exciting fresh new look, we are able to offer regular cultural events such as music and theatrical shows. For details of our latest schedule, please see the Fitz Theatre section.[\/vc_column_text][vc_empty_space height=&#8221;42px&#8221;]\n    <div style=\"text-align:\" class=\"nd_options_section\">\n      <img decoding=\"async\" alt=\"\" style=\"width:750px\" class=\" nd_options_margin_0 nd_options_padding_0 \" src=\"https:\/\/www.hotelfitzgerald.com\/wp-content\/uploads\/2022\/07\/EGI1415-1024x683.jpg\">\n    <\/div>\n   [\/vc_column_inner][vc_column_inner width=&#8221;1\/4&#8243;][\/vc_column_inner][\/vc_row_inner][\/vc_tta_section][\/vc_tta_tabs][\/vc_column][\/vc_row][vc_row][vc_column][vc_column_text css=&#8221;.vc_custom_1650301542156{margin-top: 30px !important;margin-bottom: 30px !important;}&#8221;][\/vc_column_text][\/vc_column][\/vc_row][vc_row full_width=&#8221;stretch_row&#8221; parallax=&#8221;content-moving&#8221; parallax_image=&#8221;1222&#8243; disable_element=&#8221;yes&#8221; css=&#8221;.vc_custom_1652435148839{margin-top: 10px !important;padding-top: 100px !important;padding-bottom: 100px !important;}&#8221; el_id=&#8221;nd_options_booking_form&#8221; el_class=&#8221;nd_options_vc_parallax_filter_1_3&#8243;][vc_column width=&#8221;1\/4&#8243;][\/vc_column][vc_column width=&#8221;1\/2&#8243; css=&#8221;.vc_custom_1501083346588{padding-top: 60px !important;padding-right: 30px !important;padding-bottom: 30px !important;padding-left: 30px !important;background-color: #1c1c1c !important;}&#8221;] <h6 style=\"color:#ffffff;padding:px;text-align:center;font-size:12px;line-height:12px;letter-spacing: 2px;font-weight:lighter\" class=\"   nd_options_second_font \">BOOK NOW<\/h6> <div style=\"background-color:;height: 10px\" class=\"nicdark_section  \"><\/div>\n    <div class=\"nd_options_section nd_options_line_height_0  nd_options_text_align_center \">\n        <span style=\"height:1px;width:30px;background-color:#878787\" class=\"nd_options_display_inline_block\"><\/span>\n    <\/div>\n   <div style=\"background-color:;height: 30px\" class=\"nicdark_section  \"><\/div> <h1 style=\"color:#ffffff;padding:px;text-align:center;font-size:35px;line-height:35px;letter-spacing: px;font-weight:normal\" class=\"   nd_options_first_font \">Request a Table<\/h1> <div style=\"background-color:;height: 30px\" class=\"nicdark_section  \"><\/div>\n\n    <!--start form-->\n    <div id=\"nd_options_shortcode_cf7_1065\" class=\"nd_options_section \">\n      \n      <div class=\"nd_options_section nd_options_box_sizing_border_box\">\n        \n<div class=\"wpcf7 no-js\" id=\"wpcf7-f1065-o1\" lang=\"cs-CZ\" dir=\"ltr\">\n<div class=\"screen-reader-response\"><p role=\"status\" aria-live=\"polite\" aria-atomic=\"true\"><\/p> <ul><\/ul><\/div>\n<form action=\"\/en\/wp-json\/wp\/v2\/pages\/3485#wpcf7-f1065-o1\" method=\"post\" class=\"wpcf7-form init\" aria-label=\"Kontaktn\u00ed formul\u00e1\u0159\" novalidate=\"novalidate\" data-status=\"init\">\n<input type=\"hidden\" name=\"_wpcf7\" value=\"1065\" \/><input type=\"hidden\" name=\"_wpcf7_version\" value=\"6.1.5\" \/><input type=\"hidden\" name=\"_wpcf7_locale\" value=\"cs_CZ\" \/><input type=\"hidden\" name=\"_wpcf7_unit_tag\" value=\"wpcf7-f1065-o1\" \/><input type=\"hidden\" name=\"_wpcf7_container_post\" value=\"0\" \/><input type=\"hidden\" name=\"_wpcf7_posted_data_hash\" value=\"\" \/><input type=\"hidden\" name=\"_wpcf7_recaptcha_response\" value=\"\" \/>\n\n<div class=\"nd_options_float_left nd_options_box_sizing_border_box nd_options_width_100_percentage_all_iphone_important nd_options_padding_0_right_important_all_iphone nd_options_padding_0_left_important_all_iphone \" style=\"padding: 0px 10px 15px 0px;width:100%\"><span class=\"wpcf7-form-control-wrap\" data-name=\"name-form\"><\/span><\/div><div class=\"nd_options_float_left nd_options_box_sizing_border_box nd_options_width_100_percentage_all_iphone_important nd_options_padding_0_right_important_all_iphone nd_options_padding_0_left_important_all_iphone \" style=\"padding: 0px 10px 15px 0px;width:100%\"><span class=\"wpcf7-form-control-wrap\" data-name=\"email\"><\/span><\/div><div class=\"nd_options_float_left nd_options_box_sizing_border_box nd_options_width_100_percentage_all_iphone_important nd_options_padding_0_right_important_all_iphone nd_options_padding_0_left_important_all_iphone \" style=\"padding: 0px 10px 15px 0px;width:100%\"><span class=\"wpcf7-form-control-wrap\" data-name=\"message\"><textarea cols=\"40\" rows=\"5\" class=\"wpcf7-form-control wpcf7-textarea nd_booking_bg_greydark_2_important nd_booking_border_width_0_important nd_options_padding_10_20_important nd_options_margin_top_10 nd_options_font_weight_lighter\" name=\"message\"><\/textarea><\/span><\/div><div class=\"nd_options_float_left nd_options_box_sizing_border_box nd_options_width_100_percentage_all_iphone_important nd_options_padding_0_right_important_all_iphone nd_options_padding_0_left_important_all_iphone \" style=\"padding: 0px 0px 0px 0px;width:100%\"><\/div><div class=\"wpcf7-response-output\" aria-hidden=\"true\"><\/div>\n<\/form>\n<\/div>\n \n      <\/div>  \n\n    <\/div>\n    <!--end form-->\n\n   [\/vc_column][vc_column width=&#8221;1\/4&#8243;][\/vc_column][\/vc_row]<\/p>\n<\/div>","protected":false},"excerpt":{"rendered":"<p>[vc_row][vc_column][\/vc_column][\/vc_row][vc_row][vc_column][vc_empty_space height=&#8221;70px&#8221;][vc_tta_tabs style=&#8221;flat&#8221; shape=&#8221;square&#8221; color=&#8221;orange&#8221; spacing=&#8221;10&#8243; gap=&#8221;35&#8243; alignment=&#8221;center&#8221; active_section=&#8221;1&#8243; no_fill_content_area=&#8221;true&#8221;][vc_tta_section title=&#8221;CONFERENCE &amp; EVENTS&#8221; tab_id=&#8221;1657100813658-d01ad4aa-0935&#8243;][vc_row_inner css=&#8221;.vc_custom_1657101858467{background-color: #27283a !important;}&#8221;][vc_column_inner width=&#8221;1\/2&#8243;][vc_column_text css=&#8221;.vc_custom_1656933739764{margin-bottom: 35px !important;}&#8221;] Our theatre is fully air conditioned, and is suitable for conferences and other corporate events. It is located on the ground floor of The Fitzgerald. The room is multi-functional and equipped with a standard [&hellip;]<\/p>\n","protected":false},"author":3,"featured_media":0,"parent":0,"menu_order":0,"comment_status":"closed","ping_status":"open","template":"","meta":{"footnotes":""},"class_list":["post-3485","page","type-page","status-publish","hentry"],"yoast_head":"<!-- This site is optimized with the Yoast SEO plugin v27.4 - https:\/\/yoast.com\/product\/yoast-seo-wordpress\/ -->\n<title>Conference Hall - Hotel Fitzgerald Praha, Karl\u00edn<\/title>\n<meta name=\"robots\" content=\"index, follow, max-snippet:-1, max-image-preview:large, max-video-preview:-1\" \/>\n<link rel=\"canonical\" href=\"https:\/\/www.hotelfitzgerald.com\/en\/konferencni-sal\/\" \/>\n<meta property=\"og:locale\" content=\"en_US\" \/>\n<meta property=\"og:type\" content=\"article\" \/>\n<meta property=\"og:title\" content=\"Conference Hall - Hotel Fitzgerald Praha, Karl\u00edn\" \/>\n<meta property=\"og:description\" content=\"[vc_row][vc_column][\/vc_column][\/vc_row][vc_row][vc_column][vc_empty_space height=&#8221;70px&#8221;][vc_tta_tabs style=&#8221;flat&#8221; shape=&#8221;square&#8221; color=&#8221;orange&#8221; spacing=&#8221;10&#8243; gap=&#8221;35&#8243; alignment=&#8221;center&#8221; active_section=&#8221;1&#8243; no_fill_content_area=&#8221;true&#8221;][vc_tta_section title=&#8221;CONFERENCE &amp; EVENTS&#8221; tab_id=&#8221;1657100813658-d01ad4aa-0935&#8243;][vc_row_inner css=&#8221;.vc_custom_1657101858467{background-color: #27283a !important;}&#8221;][vc_column_inner width=&#8221;1\/2&#8243;][vc_column_text css=&#8221;.vc_custom_1656933739764{margin-bottom: 35px !important;}&#8221;] Our theatre is fully air conditioned, and is suitable for conferences and other corporate events. It is located on the ground floor of The Fitzgerald. The room is multi-functional and equipped with a standard [&hellip;]\" \/>\n<meta property=\"og:url\" content=\"https:\/\/www.hotelfitzgerald.com\/en\/konferencni-sal\/\" \/>\n<meta property=\"og:site_name\" content=\"Hotel Fitzgerald Praha, Karl\u00edn\" \/>\n<meta property=\"article:publisher\" content=\"https:\/\/www.facebook.com\/Friends-of-the-Fitzgerald-Prague-109110994869894\" \/>\n<meta property=\"article:modified_time\" content=\"2022-07-12T12:40:33+00:00\" \/>\n<meta property=\"og:image\" content=\"https:\/\/www.hotelfitzgerald.com\/wp-content\/uploads\/2022\/05\/1_FITZGERALD-EXTERIOR-1.png\" \/>\n\t<meta property=\"og:image:width\" content=\"1280\" \/>\n\t<meta property=\"og:image:height\" content=\"624\" \/>\n\t<meta property=\"og:image:type\" content=\"image\/png\" \/>\n<meta name=\"twitter:card\" content=\"summary_large_image\" \/>\n<meta name=\"twitter:label1\" content=\"Est. reading time\" \/>\n\t<meta name=\"twitter:data1\" content=\"4 minutes\" \/>\n<script type=\"application\/ld+json\" class=\"yoast-schema-graph\">{\"@context\":\"https:\\\/\\\/schema.org\",\"@graph\":[{\"@type\":\"WebPage\",\"@id\":\"https:\\\/\\\/www.hotelfitzgerald.com\\\/en\\\/konferencni-sal\\\/\",\"url\":\"https:\\\/\\\/www.hotelfitzgerald.com\\\/en\\\/konferencni-sal\\\/\",\"name\":\"Conference Hall - Hotel Fitzgerald Praha, Karl\u00edn\",\"isPartOf\":{\"@id\":\"https:\\\/\\\/www.hotelfitzgerald.com\\\/#website\"},\"datePublished\":\"2022-04-18T16:30:39+00:00\",\"dateModified\":\"2022-07-12T12:40:33+00:00\",\"breadcrumb\":{\"@id\":\"https:\\\/\\\/www.hotelfitzgerald.com\\\/en\\\/konferencni-sal\\\/#breadcrumb\"},\"inLanguage\":\"en-US\",\"potentialAction\":[{\"@type\":\"ReadAction\",\"target\":[\"https:\\\/\\\/www.hotelfitzgerald.com\\\/en\\\/konferencni-sal\\\/\"]}]},{\"@type\":\"BreadcrumbList\",\"@id\":\"https:\\\/\\\/www.hotelfitzgerald.com\\\/en\\\/konferencni-sal\\\/#breadcrumb\",\"itemListElement\":[{\"@type\":\"ListItem\",\"position\":1,\"name\":\"Dom\u016f\",\"item\":\"https:\\\/\\\/www.hotelfitzgerald.com\\\/en\\\/\"},{\"@type\":\"ListItem\",\"position\":2,\"name\":\"Conference Hall\"}]},{\"@type\":\"WebSite\",\"@id\":\"https:\\\/\\\/www.hotelfitzgerald.com\\\/#website\",\"url\":\"https:\\\/\\\/www.hotelfitzgerald.com\\\/\",\"name\":\"Hotel Fitzgerald Praha, Karl\u00edn\",\"description\":\"Hotel Fitzgerald Praha, Karl\u00edn\",\"publisher\":{\"@id\":\"https:\\\/\\\/www.hotelfitzgerald.com\\\/#organization\"},\"potentialAction\":[{\"@type\":\"SearchAction\",\"target\":{\"@type\":\"EntryPoint\",\"urlTemplate\":\"https:\\\/\\\/www.hotelfitzgerald.com\\\/?s={search_term_string}\"},\"query-input\":{\"@type\":\"PropertyValueSpecification\",\"valueRequired\":true,\"valueName\":\"search_term_string\"}}],\"inLanguage\":\"en-US\"},{\"@type\":\"Organization\",\"@id\":\"https:\\\/\\\/www.hotelfitzgerald.com\\\/#organization\",\"name\":\"Hotel Fitzgerald\",\"url\":\"https:\\\/\\\/www.hotelfitzgerald.com\\\/\",\"logo\":{\"@type\":\"ImageObject\",\"inLanguage\":\"en-US\",\"@id\":\"https:\\\/\\\/www.hotelfitzgerald.com\\\/#\\\/schema\\\/logo\\\/image\\\/\",\"url\":\"https:\\\/\\\/www.hotelfitzgerald.com\\\/wp-content\\\/uploads\\\/2022\\\/01\\\/logo-1.png\",\"contentUrl\":\"https:\\\/\\\/www.hotelfitzgerald.com\\\/wp-content\\\/uploads\\\/2022\\\/01\\\/logo-1.png\",\"width\":234,\"height\":83,\"caption\":\"Hotel Fitzgerald\"},\"image\":{\"@id\":\"https:\\\/\\\/www.hotelfitzgerald.com\\\/#\\\/schema\\\/logo\\\/image\\\/\"},\"sameAs\":[\"https:\\\/\\\/www.facebook.com\\\/Friends-of-the-Fitzgerald-Prague-109110994869894\",\"https:\\\/\\\/www.instagram.com\\\/the_hotel_fitzgerald\\\/\"]}]}<\/script>\n<!-- \/ Yoast SEO plugin. -->","yoast_head_json":{"title":"Conference Hall - Hotel Fitzgerald Praha, Karl\u00edn","robots":{"index":"index","follow":"follow","max-snippet":"max-snippet:-1","max-image-preview":"max-image-preview:large","max-video-preview":"max-video-preview:-1"},"canonical":"https:\/\/www.hotelfitzgerald.com\/en\/konferencni-sal\/","og_locale":"en_US","og_type":"article","og_title":"Conference Hall - Hotel Fitzgerald Praha, Karl\u00edn","og_description":"[vc_row][vc_column][\/vc_column][\/vc_row][vc_row][vc_column][vc_empty_space height=&#8221;70px&#8221;][vc_tta_tabs style=&#8221;flat&#8221; shape=&#8221;square&#8221; color=&#8221;orange&#8221; spacing=&#8221;10&#8243; gap=&#8221;35&#8243; alignment=&#8221;center&#8221; active_section=&#8221;1&#8243; no_fill_content_area=&#8221;true&#8221;][vc_tta_section title=&#8221;CONFERENCE &amp; EVENTS&#8221; tab_id=&#8221;1657100813658-d01ad4aa-0935&#8243;][vc_row_inner css=&#8221;.vc_custom_1657101858467{background-color: #27283a !important;}&#8221;][vc_column_inner width=&#8221;1\/2&#8243;][vc_column_text css=&#8221;.vc_custom_1656933739764{margin-bottom: 35px !important;}&#8221;] Our theatre is fully air conditioned, and is suitable for conferences and other corporate events. It is located on the ground floor of The Fitzgerald. The room is multi-functional and equipped with a standard [&hellip;]","og_url":"https:\/\/www.hotelfitzgerald.com\/en\/konferencni-sal\/","og_site_name":"Hotel Fitzgerald Praha, Karl\u00edn","article_publisher":"https:\/\/www.facebook.com\/Friends-of-the-Fitzgerald-Prague-109110994869894","article_modified_time":"2022-07-12T12:40:33+00:00","og_image":[{"width":1280,"height":624,"url":"https:\/\/www.hotelfitzgerald.com\/wp-content\/uploads\/2022\/05\/1_FITZGERALD-EXTERIOR-1.png","type":"image\/png"}],"twitter_card":"summary_large_image","twitter_misc":{"Est. reading time":"4 minutes"},"schema":{"@context":"https:\/\/schema.org","@graph":[{"@type":"WebPage","@id":"https:\/\/www.hotelfitzgerald.com\/en\/konferencni-sal\/","url":"https:\/\/www.hotelfitzgerald.com\/en\/konferencni-sal\/","name":"Conference Hall - Hotel Fitzgerald Praha, Karl\u00edn","isPartOf":{"@id":"https:\/\/www.hotelfitzgerald.com\/#website"},"datePublished":"2022-04-18T16:30:39+00:00","dateModified":"2022-07-12T12:40:33+00:00","breadcrumb":{"@id":"https:\/\/www.hotelfitzgerald.com\/en\/konferencni-sal\/#breadcrumb"},"inLanguage":"en-US","potentialAction":[{"@type":"ReadAction","target":["https:\/\/www.hotelfitzgerald.com\/en\/konferencni-sal\/"]}]},{"@type":"BreadcrumbList","@id":"https:\/\/www.hotelfitzgerald.com\/en\/konferencni-sal\/#breadcrumb","itemListElement":[{"@type":"ListItem","position":1,"name":"Dom\u016f","item":"https:\/\/www.hotelfitzgerald.com\/en\/"},{"@type":"ListItem","position":2,"name":"Conference Hall"}]},{"@type":"WebSite","@id":"https:\/\/www.hotelfitzgerald.com\/#website","url":"https:\/\/www.hotelfitzgerald.com\/","name":"Hotel Fitzgerald Praha, Karl\u00edn","description":"Hotel Fitzgerald Praha, Karl\u00edn","publisher":{"@id":"https:\/\/www.hotelfitzgerald.com\/#organization"},"potentialAction":[{"@type":"SearchAction","target":{"@type":"EntryPoint","urlTemplate":"https:\/\/www.hotelfitzgerald.com\/?s={search_term_string}"},"query-input":{"@type":"PropertyValueSpecification","valueRequired":true,"valueName":"search_term_string"}}],"inLanguage":"en-US"},{"@type":"Organization","@id":"https:\/\/www.hotelfitzgerald.com\/#organization","name":"Hotel Fitzgerald","url":"https:\/\/www.hotelfitzgerald.com\/","logo":{"@type":"ImageObject","inLanguage":"en-US","@id":"https:\/\/www.hotelfitzgerald.com\/#\/schema\/logo\/image\/","url":"https:\/\/www.hotelfitzgerald.com\/wp-content\/uploads\/2022\/01\/logo-1.png","contentUrl":"https:\/\/www.hotelfitzgerald.com\/wp-content\/uploads\/2022\/01\/logo-1.png","width":234,"height":83,"caption":"Hotel Fitzgerald"},"image":{"@id":"https:\/\/www.hotelfitzgerald.com\/#\/schema\/logo\/image\/"},"sameAs":["https:\/\/www.facebook.com\/Friends-of-the-Fitzgerald-Prague-109110994869894","https:\/\/www.instagram.com\/the_hotel_fitzgerald\/"]}]}},"_links":{"self":[{"href":"https:\/\/www.hotelfitzgerald.com\/en\/wp-json\/wp\/v2\/pages\/3485","targetHints":{"allow":["GET"]}}],"collection":[{"href":"https:\/\/www.hotelfitzgerald.com\/en\/wp-json\/wp\/v2\/pages"}],"about":[{"href":"https:\/\/www.hotelfitzgerald.com\/en\/wp-json\/wp\/v2\/types\/page"}],"author":[{"embeddable":true,"href":"https:\/\/www.hotelfitzgerald.com\/en\/wp-json\/wp\/v2\/users\/3"}],"replies":[{"embeddable":true,"href":"https:\/\/www.hotelfitzgerald.com\/en\/wp-json\/wp\/v2\/comments?post=3485"}],"version-history":[{"count":32,"href":"https:\/\/www.hotelfitzgerald.com\/en\/wp-json\/wp\/v2\/pages\/3485\/revisions"}],"predecessor-version":[{"id":4041,"href":"https:\/\/www.hotelfitzgerald.com\/en\/wp-json\/wp\/v2\/pages\/3485\/revisions\/4041"}],"wp:attachment":[{"href":"https:\/\/www.hotelfitzgerald.com\/en\/wp-json\/wp\/v2\/media?parent=3485"}],"curies":[{"name":"wp","href":"https:\/\/api.w.org\/{rel}","templated":true}]}}