{"id":3489,"date":"2017-06-30T09:48:28","date_gmt":"2017-06-30T09:48:28","guid":{"rendered":"https:\/\/www.hotelfitzgerald.com\/kontakty\/"},"modified":"2025-01-20T16:05:53","modified_gmt":"2025-01-20T16:05:53","slug":"contacts","status":"publish","type":"page","link":"https:\/\/www.hotelfitzgerald.com\/en\/contacts\/","title":{"rendered":"CONTACTS"},"content":{"rendered":"<div class=\"wpb-content-wrapper\"><p>[vc_row full_width=&#8221;stretch_row_content_no_spaces&#8221; css=&#8221;.vc_custom_1657570551471{background-image: url(https:\/\/www.hotelfitzgerald.com\/wp-content\/uploads\/2022\/07\/Kontakty-Fitzegald.jpg?id=3908) !important;background-position: center !important;background-repeat: no-repeat !important;background-size: cover !important;}&#8221;][vc_column]<div style=\"background-color:;height: 350px\" class=\"nicdark_section  \"><\/div>[\/vc_column][\/vc_row][vc_row][vc_column][vc_empty_space height=&#8221;96px&#8221;][vc_single_image image=&#8221;1618&#8243; img_size=&#8221;full&#8221; alignment=&#8221;center&#8221;][vc_empty_space][vc_column_text]<\/p>\n<h1 style=\"text-align: center;\"><span style=\"color: #d4974f;\">THE HOTEL FITZGERALD<\/span><\/h1>\n<p>[\/vc_column_text][vc_empty_space height=&#8221;40px&#8221;][vc_empty_space height=&#8221;56px&#8221; el_class=&#8221;hide-on-resp&#8221;][vc_row_inner][vc_column_inner width=&#8221;1\/5&#8243;][\/vc_column_inner][vc_column_inner width=&#8221;1\/5&#8243;][vc_column_text]<\/p>\n<p style=\"text-align: center;\"><span style=\"color: #999999;\">V\u00cdTKOVA 151\/26<\/span><\/p>\n<p style=\"text-align: center;\"><span style=\"color: #999999;\">PRAGUE 8, 186 00<\/span><\/p>\n<p>[\/vc_column_text][\/vc_column_inner][vc_column_inner width=&#8221;1\/5&#8243;][vc_column_text]<\/p>\n<p style=\"text-align: center;\"><span style=\"color: #999999;\">TELEPHONE: <a href=\"tel:+420222334200\">+420 222 334 200<\/a><\/span><\/p>\n<p>[\/vc_column_text][\/vc_column_inner][vc_column_inner width=&#8221;1\/5&#8243;][vc_column_text]<\/p>\n<p style=\"text-align: center;\"><span style=\"color: #999999;\">RESERVATIONS: <a href=\"mailto:reception@hotelfitzgerald.com\">RECEPTION@HOTELFITZGERALD.COM<\/a><\/span><\/p>\n<p>[\/vc_column_text][\/vc_column_inner][vc_column_inner width=&#8221;1\/5&#8243;][\/vc_column_inner][\/vc_row_inner][vc_empty_space height=&#8221;40px&#8221;][vc_empty_space height=&#8221;56px&#8221; el_class=&#8221;hide-on-resp&#8221;]\n\t<div class=\"nd_options_section nd_options_text_align_center\">\n\t<a style=\"border: px solid;border-radius:px;letter-spacing:1.4px;line-height:14px;font-size:14px;background-color:#d4974f;padding:15px 25px;margin:;color:#000000\" rel=\"\" href=\"#\" class=\"nicdark_display_inline_block  nd_options_font_weight_normal nd_options_second_font  \">HOW TO GET HERE<\/a>\n\t<\/div>\n[vc_empty_space height=&#8221;96px&#8221;]<div style=\"background-color:;height: 25px\" class=\"nicdark_section  \"><\/div> <h1 style=\"color:#dd9933;padding:px;text-align:center;font-size:25px;line-height:px;letter-spacing: 4px;font-weight:\" class=\"    \">PARKING<\/h1> <div style=\"background-color:;height: 25px\" class=\"nicdark_section  \"><\/div>[vc_column_text]<\/p>\n<p class=\"p1\" style=\"text-align: center;\"><span class=\"s1\">The hotel has a limited number of parking cards, which you can book with colleagues at the hotel reception for 450 CZK \/ night.<br \/>\n<\/span><span class=\"s1\">Parking on the street is possible using parking machines.<br \/>\n<\/span><span class=\"s1\">The price for parking is 60 CZK \/ hour and weekend parking is free.<\/span><\/p>\n<p>[\/vc_column_text]<div style=\"background-color:;height: 50px\" class=\"nicdark_section hide-on-resp \"><\/div>[\/vc_column][\/vc_row][vc_row][vc_column][vc_empty_space][vc_single_image image=&#8221;1712&#8243; img_size=&#8221;FULL&#8221; alignment=&#8221;center&#8221;][vc_empty_space height=&#8221;96px&#8221; el_class=&#8221;hide-on-resp&#8221;][\/vc_column][\/vc_row][vc_row][vc_column width=&#8221;1\/6&#8243;][\/vc_column][vc_column width=&#8221;2\/3&#8243; offset=&#8221;vc_hidden-lg vc_hidden-md vc_hidden-sm vc_hidden-xs&#8221;][vc_empty_space][vc_row_inner][vc_column_inner width=&#8221;1\/3&#8243; css=&#8221;.vc_custom_1647436521429{padding-top: 40px !important;padding-right: 40px !important;padding-bottom: 40px !important;padding-left: 40px !important;}&#8221;][vc_column_text]<\/p>\n<h2 style=\"text-align: center;\"><span style=\"color: #d4974f;\">KARL\u00cdN<\/span><\/h2>\n<p>&nbsp;<\/p>\n<p style=\"text-align: center;\">The Fitzgerald hotel\u00a0 je situov\u00e1n v m\u011bstsk\u00e9 \u010d\u00e1sti Praha 8 &#8211; Karl\u00edn, jen n\u011bkolik minut od centra m\u011bsta.<\/p>\n<p style=\"text-align: center;\">D\u00edky t\u00e9to v\u00fdhodn\u00e9 poloze je n\u00e1\u0161 hotel ide\u00e1ln\u00edm v\u00fdchoz\u00edm bodem pro soukorm\u00e9 i slu\u017eebn\u00ed cesty.<\/p>\n<p style=\"text-align: center;\">V bezpdrostredn\u00ed bl\u00edzkosti hotelu se nach\u00e1dz\u00ed tramvajov\u00e1 zast\u00e1vka a stanice metra C &#8211; Florenc.<\/p>\n<p>[\/vc_column_text][vc_empty_space]\n\t<div class=\"nd_options_section nd_options_text_align_center\">\n\t<a style=\"border: px solid;border-radius:px;letter-spacing:1.4px;line-height:14px;font-size:14px;background-color:#d4974f;padding:15px 35px;margin:;color:#000000\" rel=\"\" href=\"\/karlin\/\" class=\"nicdark_display_inline_block  nd_options_font_weight_normal nd_options_second_font  \">V\u00cdCE<\/a>\n\t<\/div>\n[\/vc_column_inner][vc_column_inner width=&#8221;2\/3&#8243;]\n    <div style=\"text-align:\" class=\"nd_options_section\">\n      <img decoding=\"async\" alt=\"\" style=\"width:\" class=\" nd_options_margin_0 nd_options_padding_0 \" src=\"https:\/\/www.hotelfitzgerald.com\/wp-content\/uploads\/2022\/03\/karlin.png\">\n    <\/div>\n   [\/vc_column_inner][\/vc_row_inner][\/vc_column][vc_column width=&#8221;1\/6&#8243;][\/vc_column][\/vc_row][vc_row][vc_column]<div style=\"background-color:;height: 30px\" class=\"nicdark_section  \"><\/div>[\/vc_column][\/vc_row]<\/p>\n<\/div>","protected":false},"excerpt":{"rendered":"<p>[vc_row full_width=&#8221;stretch_row_content_no_spaces&#8221; css=&#8221;.vc_custom_1657570551471{background-image: url(https:\/\/www.hotelfitzgerald.com\/wp-content\/uploads\/2022\/07\/Kontakty-Fitzegald.jpg?id=3908) !important;background-position: center !important;background-repeat: no-repeat !important;background-size: cover !important;}&#8221;][vc_column][\/vc_column][\/vc_row][vc_row][vc_column][vc_empty_space height=&#8221;96px&#8221;][vc_single_image image=&#8221;1618&#8243; img_size=&#8221;full&#8221; alignment=&#8221;center&#8221;][vc_empty_space][vc_column_text] THE HOTEL FITZGERALD [\/vc_column_text][vc_empty_space height=&#8221;40px&#8221;][vc_empty_space height=&#8221;56px&#8221; el_class=&#8221;hide-on-resp&#8221;][vc_row_inner][vc_column_inner width=&#8221;1\/5&#8243;][\/vc_column_inner][vc_column_inner width=&#8221;1\/5&#8243;][vc_column_text] V\u00cdTKOVA 151\/26 PRAGUE 8, 186 00 [\/vc_column_text][\/vc_column_inner][vc_column_inner width=&#8221;1\/5&#8243;][vc_column_text] TELEPHONE: +420 222 334 200 [\/vc_column_text][\/vc_column_inner][vc_column_inner width=&#8221;1\/5&#8243;][vc_column_text] RESERVATIONS: RECEPTION@HOTELFITZGERALD.COM [\/vc_column_text][\/vc_column_inner][vc_column_inner width=&#8221;1\/5&#8243;][\/vc_column_inner][\/vc_row_inner][vc_empty_space height=&#8221;40px&#8221;][vc_empty_space height=&#8221;56px&#8221; el_class=&#8221;hide-on-resp&#8221;][vc_empty_space height=&#8221;96px&#8221;][vc_column_text] The hotel has a limited number of parking [&hellip;]<\/p>\n","protected":false},"author":1,"featured_media":0,"parent":0,"menu_order":0,"comment_status":"closed","ping_status":"open","template":"","meta":{"footnotes":""},"class_list":["post-3489","page","type-page","status-publish","hentry"],"yoast_head":"<!-- This site is optimized with the Yoast SEO plugin v27.5 - https:\/\/yoast.com\/product\/yoast-seo-wordpress\/ -->\n<title>CONTACTS - Hotel Fitzgerald Praha, Karl\u00edn<\/title>\n<meta name=\"robots\" content=\"index, follow, max-snippet:-1, max-image-preview:large, max-video-preview:-1\" \/>\n<link rel=\"canonical\" href=\"https:\/\/www.hotelfitzgerald.com\/en\/contacts\/\" \/>\n<meta property=\"og:locale\" content=\"en_US\" \/>\n<meta property=\"og:type\" content=\"article\" \/>\n<meta property=\"og:title\" content=\"CONTACTS - Hotel Fitzgerald Praha, Karl\u00edn\" \/>\n<meta property=\"og:description\" content=\"[vc_row full_width=&#8221;stretch_row_content_no_spaces&#8221; css=&#8221;.vc_custom_1657570551471{background-image: url(https:\/\/www.hotelfitzgerald.com\/wp-content\/uploads\/2022\/07\/Kontakty-Fitzegald.jpg?id=3908) !important;background-position: center !important;background-repeat: no-repeat !important;background-size: cover !important;}&#8221;][vc_column][\/vc_column][\/vc_row][vc_row][vc_column][vc_empty_space height=&#8221;96px&#8221;][vc_single_image image=&#8221;1618&#8243; img_size=&#8221;full&#8221; alignment=&#8221;center&#8221;][vc_empty_space][vc_column_text] THE HOTEL FITZGERALD [\/vc_column_text][vc_empty_space height=&#8221;40px&#8221;][vc_empty_space height=&#8221;56px&#8221; el_class=&#8221;hide-on-resp&#8221;][vc_row_inner][vc_column_inner width=&#8221;1\/5&#8243;][\/vc_column_inner][vc_column_inner width=&#8221;1\/5&#8243;][vc_column_text] V\u00cdTKOVA 151\/26 PRAGUE 8, 186 00 [\/vc_column_text][\/vc_column_inner][vc_column_inner width=&#8221;1\/5&#8243;][vc_column_text] TELEPHONE: +420 222 334 200 [\/vc_column_text][\/vc_column_inner][vc_column_inner width=&#8221;1\/5&#8243;][vc_column_text] RESERVATIONS: RECEPTION@HOTELFITZGERALD.COM [\/vc_column_text][\/vc_column_inner][vc_column_inner width=&#8221;1\/5&#8243;][\/vc_column_inner][\/vc_row_inner][vc_empty_space height=&#8221;40px&#8221;][vc_empty_space height=&#8221;56px&#8221; el_class=&#8221;hide-on-resp&#8221;][vc_empty_space height=&#8221;96px&#8221;][vc_column_text] The hotel has a limited number of parking [&hellip;]\" \/>\n<meta property=\"og:url\" content=\"https:\/\/www.hotelfitzgerald.com\/en\/contacts\/\" \/>\n<meta property=\"og:site_name\" content=\"Hotel Fitzgerald Praha, Karl\u00edn\" \/>\n<meta property=\"article:publisher\" content=\"https:\/\/www.facebook.com\/Friends-of-the-Fitzgerald-Prague-109110994869894\" \/>\n<meta property=\"article:modified_time\" content=\"2025-01-20T16:05:53+00:00\" \/>\n<meta property=\"og:image\" content=\"https:\/\/www.hotelfitzgerald.com\/wp-content\/uploads\/2022\/05\/1_FITZGERALD-EXTERIOR-1.png\" \/>\n\t<meta property=\"og:image:width\" content=\"1280\" \/>\n\t<meta property=\"og:image:height\" content=\"624\" \/>\n\t<meta property=\"og:image:type\" content=\"image\/png\" \/>\n<meta name=\"twitter:card\" content=\"summary_large_image\" \/>\n<meta name=\"twitter:label1\" content=\"Est. reading time\" \/>\n\t<meta name=\"twitter:data1\" content=\"2 minutes\" \/>\n<script type=\"application\/ld+json\" class=\"yoast-schema-graph\">{\"@context\":\"https:\\\/\\\/schema.org\",\"@graph\":[{\"@type\":\"WebPage\",\"@id\":\"https:\\\/\\\/www.hotelfitzgerald.com\\\/en\\\/contacts\\\/\",\"url\":\"https:\\\/\\\/www.hotelfitzgerald.com\\\/en\\\/contacts\\\/\",\"name\":\"CONTACTS - Hotel Fitzgerald Praha, Karl\u00edn\",\"isPartOf\":{\"@id\":\"https:\\\/\\\/www.hotelfitzgerald.com\\\/#website\"},\"datePublished\":\"2017-06-30T09:48:28+00:00\",\"dateModified\":\"2025-01-20T16:05:53+00:00\",\"breadcrumb\":{\"@id\":\"https:\\\/\\\/www.hotelfitzgerald.com\\\/en\\\/contacts\\\/#breadcrumb\"},\"inLanguage\":\"en-US\",\"potentialAction\":[{\"@type\":\"ReadAction\",\"target\":[\"https:\\\/\\\/www.hotelfitzgerald.com\\\/en\\\/contacts\\\/\"]}]},{\"@type\":\"BreadcrumbList\",\"@id\":\"https:\\\/\\\/www.hotelfitzgerald.com\\\/en\\\/contacts\\\/#breadcrumb\",\"itemListElement\":[{\"@type\":\"ListItem\",\"position\":1,\"name\":\"Dom\u016f\",\"item\":\"https:\\\/\\\/www.hotelfitzgerald.com\\\/en\\\/\"},{\"@type\":\"ListItem\",\"position\":2,\"name\":\"CONTACTS\"}]},{\"@type\":\"WebSite\",\"@id\":\"https:\\\/\\\/www.hotelfitzgerald.com\\\/#website\",\"url\":\"https:\\\/\\\/www.hotelfitzgerald.com\\\/\",\"name\":\"Hotel Fitzgerald Praha, Karl\u00edn\",\"description\":\"Hotel Fitzgerald Praha, Karl\u00edn\",\"publisher\":{\"@id\":\"https:\\\/\\\/www.hotelfitzgerald.com\\\/#organization\"},\"potentialAction\":[{\"@type\":\"SearchAction\",\"target\":{\"@type\":\"EntryPoint\",\"urlTemplate\":\"https:\\\/\\\/www.hotelfitzgerald.com\\\/?s={search_term_string}\"},\"query-input\":{\"@type\":\"PropertyValueSpecification\",\"valueRequired\":true,\"valueName\":\"search_term_string\"}}],\"inLanguage\":\"en-US\"},{\"@type\":\"Organization\",\"@id\":\"https:\\\/\\\/www.hotelfitzgerald.com\\\/#organization\",\"name\":\"Hotel Fitzgerald\",\"url\":\"https:\\\/\\\/www.hotelfitzgerald.com\\\/\",\"logo\":{\"@type\":\"ImageObject\",\"inLanguage\":\"en-US\",\"@id\":\"https:\\\/\\\/www.hotelfitzgerald.com\\\/#\\\/schema\\\/logo\\\/image\\\/\",\"url\":\"https:\\\/\\\/www.hotelfitzgerald.com\\\/wp-content\\\/uploads\\\/2022\\\/01\\\/logo-1.png\",\"contentUrl\":\"https:\\\/\\\/www.hotelfitzgerald.com\\\/wp-content\\\/uploads\\\/2022\\\/01\\\/logo-1.png\",\"width\":234,\"height\":83,\"caption\":\"Hotel Fitzgerald\"},\"image\":{\"@id\":\"https:\\\/\\\/www.hotelfitzgerald.com\\\/#\\\/schema\\\/logo\\\/image\\\/\"},\"sameAs\":[\"https:\\\/\\\/www.facebook.com\\\/Friends-of-the-Fitzgerald-Prague-109110994869894\",\"https:\\\/\\\/www.instagram.com\\\/the_hotel_fitzgerald\\\/\"]}]}<\/script>\n<!-- \/ Yoast SEO plugin. -->","yoast_head_json":{"title":"CONTACTS - Hotel Fitzgerald Praha, Karl\u00edn","robots":{"index":"index","follow":"follow","max-snippet":"max-snippet:-1","max-image-preview":"max-image-preview:large","max-video-preview":"max-video-preview:-1"},"canonical":"https:\/\/www.hotelfitzgerald.com\/en\/contacts\/","og_locale":"en_US","og_type":"article","og_title":"CONTACTS - Hotel Fitzgerald Praha, Karl\u00edn","og_description":"[vc_row full_width=&#8221;stretch_row_content_no_spaces&#8221; css=&#8221;.vc_custom_1657570551471{background-image: url(https:\/\/www.hotelfitzgerald.com\/wp-content\/uploads\/2022\/07\/Kontakty-Fitzegald.jpg?id=3908) !important;background-position: center !important;background-repeat: no-repeat !important;background-size: cover !important;}&#8221;][vc_column][\/vc_column][\/vc_row][vc_row][vc_column][vc_empty_space height=&#8221;96px&#8221;][vc_single_image image=&#8221;1618&#8243; img_size=&#8221;full&#8221; alignment=&#8221;center&#8221;][vc_empty_space][vc_column_text] THE HOTEL FITZGERALD [\/vc_column_text][vc_empty_space height=&#8221;40px&#8221;][vc_empty_space height=&#8221;56px&#8221; el_class=&#8221;hide-on-resp&#8221;][vc_row_inner][vc_column_inner width=&#8221;1\/5&#8243;][\/vc_column_inner][vc_column_inner width=&#8221;1\/5&#8243;][vc_column_text] V\u00cdTKOVA 151\/26 PRAGUE 8, 186 00 [\/vc_column_text][\/vc_column_inner][vc_column_inner width=&#8221;1\/5&#8243;][vc_column_text] TELEPHONE: +420 222 334 200 [\/vc_column_text][\/vc_column_inner][vc_column_inner width=&#8221;1\/5&#8243;][vc_column_text] RESERVATIONS: RECEPTION@HOTELFITZGERALD.COM [\/vc_column_text][\/vc_column_inner][vc_column_inner width=&#8221;1\/5&#8243;][\/vc_column_inner][\/vc_row_inner][vc_empty_space height=&#8221;40px&#8221;][vc_empty_space height=&#8221;56px&#8221; el_class=&#8221;hide-on-resp&#8221;][vc_empty_space height=&#8221;96px&#8221;][vc_column_text] The hotel has a limited number of parking [&hellip;]","og_url":"https:\/\/www.hotelfitzgerald.com\/en\/contacts\/","og_site_name":"Hotel Fitzgerald Praha, Karl\u00edn","article_publisher":"https:\/\/www.facebook.com\/Friends-of-the-Fitzgerald-Prague-109110994869894","article_modified_time":"2025-01-20T16:05:53+00:00","og_image":[{"width":1280,"height":624,"url":"https:\/\/www.hotelfitzgerald.com\/wp-content\/uploads\/2022\/05\/1_FITZGERALD-EXTERIOR-1.png","type":"image\/png"}],"twitter_card":"summary_large_image","twitter_misc":{"Est. reading time":"2 minutes"},"schema":{"@context":"https:\/\/schema.org","@graph":[{"@type":"WebPage","@id":"https:\/\/www.hotelfitzgerald.com\/en\/contacts\/","url":"https:\/\/www.hotelfitzgerald.com\/en\/contacts\/","name":"CONTACTS - Hotel Fitzgerald Praha, Karl\u00edn","isPartOf":{"@id":"https:\/\/www.hotelfitzgerald.com\/#website"},"datePublished":"2017-06-30T09:48:28+00:00","dateModified":"2025-01-20T16:05:53+00:00","breadcrumb":{"@id":"https:\/\/www.hotelfitzgerald.com\/en\/contacts\/#breadcrumb"},"inLanguage":"en-US","potentialAction":[{"@type":"ReadAction","target":["https:\/\/www.hotelfitzgerald.com\/en\/contacts\/"]}]},{"@type":"BreadcrumbList","@id":"https:\/\/www.hotelfitzgerald.com\/en\/contacts\/#breadcrumb","itemListElement":[{"@type":"ListItem","position":1,"name":"Dom\u016f","item":"https:\/\/www.hotelfitzgerald.com\/en\/"},{"@type":"ListItem","position":2,"name":"CONTACTS"}]},{"@type":"WebSite","@id":"https:\/\/www.hotelfitzgerald.com\/#website","url":"https:\/\/www.hotelfitzgerald.com\/","name":"Hotel Fitzgerald Praha, Karl\u00edn","description":"Hotel Fitzgerald Praha, Karl\u00edn","publisher":{"@id":"https:\/\/www.hotelfitzgerald.com\/#organization"},"potentialAction":[{"@type":"SearchAction","target":{"@type":"EntryPoint","urlTemplate":"https:\/\/www.hotelfitzgerald.com\/?s={search_term_string}"},"query-input":{"@type":"PropertyValueSpecification","valueRequired":true,"valueName":"search_term_string"}}],"inLanguage":"en-US"},{"@type":"Organization","@id":"https:\/\/www.hotelfitzgerald.com\/#organization","name":"Hotel Fitzgerald","url":"https:\/\/www.hotelfitzgerald.com\/","logo":{"@type":"ImageObject","inLanguage":"en-US","@id":"https:\/\/www.hotelfitzgerald.com\/#\/schema\/logo\/image\/","url":"https:\/\/www.hotelfitzgerald.com\/wp-content\/uploads\/2022\/01\/logo-1.png","contentUrl":"https:\/\/www.hotelfitzgerald.com\/wp-content\/uploads\/2022\/01\/logo-1.png","width":234,"height":83,"caption":"Hotel Fitzgerald"},"image":{"@id":"https:\/\/www.hotelfitzgerald.com\/#\/schema\/logo\/image\/"},"sameAs":["https:\/\/www.facebook.com\/Friends-of-the-Fitzgerald-Prague-109110994869894","https:\/\/www.instagram.com\/the_hotel_fitzgerald\/"]}]}},"_links":{"self":[{"href":"https:\/\/www.hotelfitzgerald.com\/en\/wp-json\/wp\/v2\/pages\/3489","targetHints":{"allow":["GET"]}}],"collection":[{"href":"https:\/\/www.hotelfitzgerald.com\/en\/wp-json\/wp\/v2\/pages"}],"about":[{"href":"https:\/\/www.hotelfitzgerald.com\/en\/wp-json\/wp\/v2\/types\/page"}],"author":[{"embeddable":true,"href":"https:\/\/www.hotelfitzgerald.com\/en\/wp-json\/wp\/v2\/users\/1"}],"replies":[{"embeddable":true,"href":"https:\/\/www.hotelfitzgerald.com\/en\/wp-json\/wp\/v2\/comments?post=3489"}],"version-history":[{"count":11,"href":"https:\/\/www.hotelfitzgerald.com\/en\/wp-json\/wp\/v2\/pages\/3489\/revisions"}],"predecessor-version":[{"id":4531,"href":"https:\/\/www.hotelfitzgerald.com\/en\/wp-json\/wp\/v2\/pages\/3489\/revisions\/4531"}],"wp:attachment":[{"href":"https:\/\/www.hotelfitzgerald.com\/en\/wp-json\/wp\/v2\/media?parent=3489"}],"curies":[{"name":"wp","href":"https:\/\/api.w.org\/{rel}","templated":true}]}}